{"id":102,"date":"2024-01-30T08:21:37","date_gmt":"2024-01-30T11:21:37","guid":{"rendered":"https:\/\/teampartner.com.br\/online\/?page_id=102"},"modified":"2024-02-23T16:38:22","modified_gmt":"2024-02-23T19:38:22","slug":"deixe-de-ser-mei","status":"publish","type":"page","link":"https:\/\/teampartner.com.br\/online\/deixe-de-ser-mei\/","title":{"rendered":"Deixar de ser MEI"},"content":{"rendered":"\n<div class=\"wp-block-media-text alignwide is-stacked-on-mobile is-vertically-aligned-center is-image-fill\" style=\"grid-template-columns:25% auto\"><figure class=\"wp-block-media-text__media\" style=\"background-image:url(https:\/\/teampartner.com.br\/online\/wp-content\/uploads\/2024\/01\/p3.jpg);background-position:58% 51%\"><img loading=\"lazy\" decoding=\"async\" width=\"1000\" height=\"667\" src=\"https:\/\/teampartner.com.br\/online\/wp-content\/uploads\/2024\/01\/p3.jpg\" alt=\"\" class=\"wp-image-147 size-full\" srcset=\"https:\/\/teampartner.com.br\/online\/wp-content\/uploads\/2024\/01\/p3.jpg 1000w, https:\/\/teampartner.com.br\/online\/wp-content\/uploads\/2024\/01\/p3-300x200.jpg 300w, https:\/\/teampartner.com.br\/online\/wp-content\/uploads\/2024\/01\/p3-768x512.jpg 768w\" sizes=\"auto, (max-width: 1000px) 100vw, 1000px\" \/><\/figure><div class=\"wp-block-media-text__content\">\n<h2 class=\"wp-block-heading has-text-color has-link-color wp-elements-0b7a28afe1125dbd7d43292df5cb7fc7\" style=\"color:#243b53\">Deixar de ser MEI<\/h2>\n\n\n\n<p>Somos especialistas na transforma\u00e7\u00e3o de MEI em empresas que precisaram expandir seus ganhos<\/p>\n\n\n\n<ul class=\"wp-block-list\">\n<li>Processo online e sem burocracias<\/li>\n\n\n\n<li>Atendimento humanizado Via WhatsApp, telefone e e-mail<\/li>\n<\/ul>\n\n\n\n<div class=\"wp-block-buttons is-layout-flex wp-block-buttons-is-layout-flex\">\n<div class=\"wp-block-button is-style-fill\"><a class=\"wp-block-button__link has-white-color has-text-color has-background has-link-color wp-element-button\" href=\"https:\/\/teampartner.com.br\/online\/orcamento\/\" style=\"border-radius:5px;background-color:#1082dc\">Fa\u00e7a um&nbsp;<strong>Or\u00e7amento<\/strong>&nbsp;sem compromisso<\/a><\/div>\n<\/div>\n<\/div><\/div>\n","protected":false},"excerpt":{"rendered":"","protected":false},"author":1,"featured_media":0,"parent":0,"menu_order":0,"comment_status":"closed","ping_status":"closed","template":"","meta":{"_eb_attr":"","_uag_custom_page_level_css":"","ub_ctt_via":"","footnotes":""},"class_list":["post-102","page","type-page","status-publish","hentry"],"featured_image_src":null,"yoast_head":"<!-- This site is optimized with the Yoast SEO plugin v23.5 - https:\/\/yoast.com\/wordpress\/plugins\/seo\/ -->\n<title>TP Contabil Online<\/title>\n<meta name=\"description\" content=\"F\u00e1cil, Pr\u00e1tico, Seguro e Econ\u00f4mico. Planos a partir de R$ 129 ao m\u00eas\" \/>\n<meta name=\"robots\" content=\"index, follow, max-snippet:-1, max-image-preview:large, max-video-preview:-1\" \/>\n<link rel=\"canonical\" href=\"https:\/\/teampartner.com.br\/online\/deixe-de-ser-mei\/\" \/>\n<meta property=\"og:locale\" content=\"pt_BR\" \/>\n<meta property=\"og:type\" content=\"article\" \/>\n<meta property=\"og:title\" content=\"TP Contabil Online\" \/>\n<meta property=\"og:description\" content=\"F\u00e1cil, Pr\u00e1tico, Seguro e Econ\u00f4mico. Planos a partir de R$ 129 ao m\u00eas\" \/>\n<meta property=\"og:url\" content=\"https:\/\/teampartner.com.br\/online\/deixe-de-ser-mei\/\" \/>\n<meta property=\"og:site_name\" content=\"TP Contabil Online\" \/>\n<meta property=\"article:modified_time\" content=\"2024-02-23T19:38:22+00:00\" \/>\n<meta property=\"og:image\" content=\"https:\/\/teampartner.com.br\/online\/wp-content\/uploads\/2024\/01\/p3.jpg\" \/>\n<meta name=\"twitter:card\" content=\"summary_large_image\" \/>\n<meta name=\"twitter:label1\" content=\"Est. tempo de leitura\" \/>\n\t<meta name=\"twitter:data1\" content=\"1 minuto\" \/>\n<script type=\"application\/ld+json\" class=\"yoast-schema-graph\">{\"@context\":\"https:\/\/schema.org\",\"@graph\":[{\"@type\":\"WebPage\",\"@id\":\"https:\/\/teampartner.com.br\/online\/deixe-de-ser-mei\/\",\"url\":\"https:\/\/teampartner.com.br\/online\/deixe-de-ser-mei\/\",\"name\":\"TP Contabil Online\",\"isPartOf\":{\"@id\":\"https:\/\/teampartner.com.br\/online\/#website\"},\"primaryImageOfPage\":{\"@id\":\"https:\/\/teampartner.com.br\/online\/deixe-de-ser-mei\/#primaryimage\"},\"image\":{\"@id\":\"https:\/\/teampartner.com.br\/online\/deixe-de-ser-mei\/#primaryimage\"},\"thumbnailUrl\":\"https:\/\/teampartner.com.br\/online\/wp-content\/uploads\/2024\/01\/p3.jpg\",\"datePublished\":\"2024-01-30T11:21:37+00:00\",\"dateModified\":\"2024-02-23T19:38:22+00:00\",\"description\":\"F\u00e1cil, Pr\u00e1tico, Seguro e Econ\u00f4mico. Planos a partir de R$ 129 ao m\u00eas\",\"breadcrumb\":{\"@id\":\"https:\/\/teampartner.com.br\/online\/deixe-de-ser-mei\/#breadcrumb\"},\"inLanguage\":\"pt-BR\",\"potentialAction\":[{\"@type\":\"ReadAction\",\"target\":[\"https:\/\/teampartner.com.br\/online\/deixe-de-ser-mei\/\"]}]},{\"@type\":\"ImageObject\",\"inLanguage\":\"pt-BR\",\"@id\":\"https:\/\/teampartner.com.br\/online\/deixe-de-ser-mei\/#primaryimage\",\"url\":\"https:\/\/teampartner.com.br\/online\/wp-content\/uploads\/2024\/01\/p3.jpg\",\"contentUrl\":\"https:\/\/teampartner.com.br\/online\/wp-content\/uploads\/2024\/01\/p3.jpg\",\"width\":1000,\"height\":667},{\"@type\":\"BreadcrumbList\",\"@id\":\"https:\/\/teampartner.com.br\/online\/deixe-de-ser-mei\/#breadcrumb\",\"itemListElement\":[{\"@type\":\"ListItem\",\"position\":1,\"name\":\"In\u00edcio\",\"item\":\"https:\/\/teampartner.com.br\/online\/\"},{\"@type\":\"ListItem\",\"position\":2,\"name\":\"Deixar de ser MEI\"}]},{\"@type\":\"WebSite\",\"@id\":\"https:\/\/teampartner.com.br\/online\/#website\",\"url\":\"https:\/\/teampartner.com.br\/online\/\",\"name\":\"Team Partner Online\",\"description\":\"Contabilidade Online. F\u00e1cil, Seguro e Econ\u00f4mico\",\"publisher\":{\"@id\":\"https:\/\/teampartner.com.br\/online\/#organization\"},\"potentialAction\":[{\"@type\":\"SearchAction\",\"target\":{\"@type\":\"EntryPoint\",\"urlTemplate\":\"https:\/\/teampartner.com.br\/online\/?s={search_term_string}\"},\"query-input\":{\"@type\":\"PropertyValueSpecification\",\"valueRequired\":true,\"valueName\":\"search_term_string\"}}],\"inLanguage\":\"pt-BR\"},{\"@type\":\"Organization\",\"@id\":\"https:\/\/teampartner.com.br\/online\/#organization\",\"name\":\"Team Partner Online\",\"url\":\"https:\/\/teampartner.com.br\/online\/\",\"logo\":{\"@type\":\"ImageObject\",\"inLanguage\":\"pt-BR\",\"@id\":\"https:\/\/teampartner.com.br\/online\/#\/schema\/logo\/image\/\",\"url\":\"https:\/\/teampartner.com.br\/online\/wp-content\/uploads\/2024\/01\/logo.png\",\"contentUrl\":\"https:\/\/teampartner.com.br\/online\/wp-content\/uploads\/2024\/01\/logo.png\",\"width\":1197,\"height\":194,\"caption\":\"Team Partner Online\"},\"image\":{\"@id\":\"https:\/\/teampartner.com.br\/online\/#\/schema\/logo\/image\/\"},\"sameAs\":[\"https:\/\/www.instagram.com\/tp_teampartner\/\"]}]}<\/script>\n<!-- \/ Yoast SEO plugin. -->","yoast_head_json":{"title":"TP Contabil Online","description":"F\u00e1cil, Pr\u00e1tico, Seguro e Econ\u00f4mico. Planos a partir de R$ 129 ao m\u00eas","robots":{"index":"index","follow":"follow","max-snippet":"max-snippet:-1","max-image-preview":"max-image-preview:large","max-video-preview":"max-video-preview:-1"},"canonical":"https:\/\/teampartner.com.br\/online\/deixe-de-ser-mei\/","og_locale":"pt_BR","og_type":"article","og_title":"TP Contabil Online","og_description":"F\u00e1cil, Pr\u00e1tico, Seguro e Econ\u00f4mico. Planos a partir de R$ 129 ao m\u00eas","og_url":"https:\/\/teampartner.com.br\/online\/deixe-de-ser-mei\/","og_site_name":"TP Contabil Online","article_modified_time":"2024-02-23T19:38:22+00:00","og_image":[{"url":"https:\/\/teampartner.com.br\/online\/wp-content\/uploads\/2024\/01\/p3.jpg"}],"twitter_card":"summary_large_image","twitter_misc":{"Est. tempo de leitura":"1 minuto"},"schema":{"@context":"https:\/\/schema.org","@graph":[{"@type":"WebPage","@id":"https:\/\/teampartner.com.br\/online\/deixe-de-ser-mei\/","url":"https:\/\/teampartner.com.br\/online\/deixe-de-ser-mei\/","name":"TP Contabil Online","isPartOf":{"@id":"https:\/\/teampartner.com.br\/online\/#website"},"primaryImageOfPage":{"@id":"https:\/\/teampartner.com.br\/online\/deixe-de-ser-mei\/#primaryimage"},"image":{"@id":"https:\/\/teampartner.com.br\/online\/deixe-de-ser-mei\/#primaryimage"},"thumbnailUrl":"https:\/\/teampartner.com.br\/online\/wp-content\/uploads\/2024\/01\/p3.jpg","datePublished":"2024-01-30T11:21:37+00:00","dateModified":"2024-02-23T19:38:22+00:00","description":"F\u00e1cil, Pr\u00e1tico, Seguro e Econ\u00f4mico. Planos a partir de R$ 129 ao m\u00eas","breadcrumb":{"@id":"https:\/\/teampartner.com.br\/online\/deixe-de-ser-mei\/#breadcrumb"},"inLanguage":"pt-BR","potentialAction":[{"@type":"ReadAction","target":["https:\/\/teampartner.com.br\/online\/deixe-de-ser-mei\/"]}]},{"@type":"ImageObject","inLanguage":"pt-BR","@id":"https:\/\/teampartner.com.br\/online\/deixe-de-ser-mei\/#primaryimage","url":"https:\/\/teampartner.com.br\/online\/wp-content\/uploads\/2024\/01\/p3.jpg","contentUrl":"https:\/\/teampartner.com.br\/online\/wp-content\/uploads\/2024\/01\/p3.jpg","width":1000,"height":667},{"@type":"BreadcrumbList","@id":"https:\/\/teampartner.com.br\/online\/deixe-de-ser-mei\/#breadcrumb","itemListElement":[{"@type":"ListItem","position":1,"name":"In\u00edcio","item":"https:\/\/teampartner.com.br\/online\/"},{"@type":"ListItem","position":2,"name":"Deixar de ser MEI"}]},{"@type":"WebSite","@id":"https:\/\/teampartner.com.br\/online\/#website","url":"https:\/\/teampartner.com.br\/online\/","name":"Team Partner Online","description":"Contabilidade Online. F\u00e1cil, Seguro e Econ\u00f4mico","publisher":{"@id":"https:\/\/teampartner.com.br\/online\/#organization"},"potentialAction":[{"@type":"SearchAction","target":{"@type":"EntryPoint","urlTemplate":"https:\/\/teampartner.com.br\/online\/?s={search_term_string}"},"query-input":{"@type":"PropertyValueSpecification","valueRequired":true,"valueName":"search_term_string"}}],"inLanguage":"pt-BR"},{"@type":"Organization","@id":"https:\/\/teampartner.com.br\/online\/#organization","name":"Team Partner Online","url":"https:\/\/teampartner.com.br\/online\/","logo":{"@type":"ImageObject","inLanguage":"pt-BR","@id":"https:\/\/teampartner.com.br\/online\/#\/schema\/logo\/image\/","url":"https:\/\/teampartner.com.br\/online\/wp-content\/uploads\/2024\/01\/logo.png","contentUrl":"https:\/\/teampartner.com.br\/online\/wp-content\/uploads\/2024\/01\/logo.png","width":1197,"height":194,"caption":"Team Partner Online"},"image":{"@id":"https:\/\/teampartner.com.br\/online\/#\/schema\/logo\/image\/"},"sameAs":["https:\/\/www.instagram.com\/tp_teampartner\/"]}]}},"uagb_featured_image_src":{"full":false,"thumbnail":false,"medium":false,"medium_large":false,"large":false,"1536x1536":false,"2048x2048":false,"post-thumbnail":false},"uagb_author_info":{"display_name":"admin","author_link":"https:\/\/teampartner.com.br\/online\/author\/admin_4lwhmqb0\/"},"uagb_comment_info":0,"uagb_excerpt":null,"_links":{"self":[{"href":"https:\/\/teampartner.com.br\/online\/wp-json\/wp\/v2\/pages\/102","targetHints":{"allow":["GET"]}}],"collection":[{"href":"https:\/\/teampartner.com.br\/online\/wp-json\/wp\/v2\/pages"}],"about":[{"href":"https:\/\/teampartner.com.br\/online\/wp-json\/wp\/v2\/types\/page"}],"author":[{"embeddable":true,"href":"https:\/\/teampartner.com.br\/online\/wp-json\/wp\/v2\/users\/1"}],"replies":[{"embeddable":true,"href":"https:\/\/teampartner.com.br\/online\/wp-json\/wp\/v2\/comments?post=102"}],"version-history":[{"count":8,"href":"https:\/\/teampartner.com.br\/online\/wp-json\/wp\/v2\/pages\/102\/revisions"}],"predecessor-version":[{"id":323,"href":"https:\/\/teampartner.com.br\/online\/wp-json\/wp\/v2\/pages\/102\/revisions\/323"}],"wp:attachment":[{"href":"https:\/\/teampartner.com.br\/online\/wp-json\/wp\/v2\/media?parent=102"}],"curies":[{"name":"wp","href":"https:\/\/api.w.org\/{rel}","templated":true}]}}