{"id":105,"date":"2024-01-30T08:22:53","date_gmt":"2024-01-30T11:22:53","guid":{"rendered":"https:\/\/teampartner.com.br\/online\/?page_id=105"},"modified":"2024-02-23T16:37:16","modified_gmt":"2024-02-23T19:37:16","slug":"servicos-de-contabilidade","status":"publish","type":"page","link":"https:\/\/teampartner.com.br\/online\/servicos-de-contabilidade\/","title":{"rendered":"Servi\u00e7os de contabilidade"},"content":{"rendered":"\n<div class=\"wp-block-media-text alignwide is-stacked-on-mobile is-vertically-aligned-center is-image-fill\" style=\"grid-template-columns:25% auto\"><figure class=\"wp-block-media-text__media\" style=\"background-image:url(https:\/\/teampartner.com.br\/online\/wp-content\/uploads\/2024\/01\/p4.jpg);background-position:50% 50%\"><img loading=\"lazy\" decoding=\"async\" width=\"1000\" height=\"750\" src=\"https:\/\/teampartner.com.br\/online\/wp-content\/uploads\/2024\/01\/p4.jpg\" alt=\"\" class=\"wp-image-150 size-full\" srcset=\"https:\/\/teampartner.com.br\/online\/wp-content\/uploads\/2024\/01\/p4.jpg 1000w, https:\/\/teampartner.com.br\/online\/wp-content\/uploads\/2024\/01\/p4-300x225.jpg 300w, https:\/\/teampartner.com.br\/online\/wp-content\/uploads\/2024\/01\/p4-768x576.jpg 768w\" sizes=\"auto, (max-width: 1000px) 100vw, 1000px\" \/><\/figure><div class=\"wp-block-media-text__content\">\n<h2 class=\"wp-block-heading has-text-color has-link-color wp-elements-60101929e08c6261d949d8f1e1597fcb\" style=\"color:#243b53\">Servi\u00e7os de contabilidade<\/h2>\n\n\n\n<ul class=\"wp-block-list\">\n<li>Nossa equipe de contadores especialistas est\u00e3o prontos para atender de forma \u00e1gil atrav\u00e9s do WhatsApp, e-mail e telefone em hor\u00e1rio estendido<\/li>\n<\/ul>\n\n\n\n<h4 class=\"wp-block-heading\">Oferecemos solu\u00e7\u00f5es completas e personalizada de acordo com a necessidade do seu neg\u00f3cio<\/h4>\n\n\n\n<ul class=\"wp-block-list\">\n<li>Gest\u00e3o da \u00c1rea Tribut\u00e1ria<\/li>\n\n\n\n<li>Gest\u00e3o da \u00c1rea Trabalhista<\/li>\n\n\n\n<li>Gest\u00e3o da \u00c1rea Cont\u00e1bil<\/li>\n\n\n\n<li>Assessoria Paralegal<\/li>\n<\/ul>\n\n\n\n<div class=\"wp-block-buttons is-layout-flex wp-block-buttons-is-layout-flex\">\n<div class=\"wp-block-button is-style-fill\"><a class=\"wp-block-button__link has-white-color has-text-color has-background has-link-color wp-element-button\" href=\"https:\/\/teampartner.com.br\/online\/orcamento\/\" style=\"border-radius:5px;background-color:#1082dc\">Fa\u00e7a um&nbsp;<strong>Or\u00e7amento<\/strong>&nbsp;sem compromisso<\/a><\/div>\n<\/div>\n<\/div><\/div>\n","protected":false},"excerpt":{"rendered":"","protected":false},"author":1,"featured_media":0,"parent":0,"menu_order":0,"comment_status":"closed","ping_status":"closed","template":"","meta":{"_eb_attr":"","_uag_custom_page_level_css":"","ub_ctt_via":"","footnotes":""},"class_list":["post-105","page","type-page","status-publish","hentry"],"featured_image_src":null,"yoast_head":"<!-- This site is optimized with the Yoast SEO plugin v23.5 - https:\/\/yoast.com\/wordpress\/plugins\/seo\/ -->\n<title>TP Contabil Online<\/title>\n<meta name=\"description\" content=\"F\u00e1cil, Pr\u00e1tico, Seguro e Econ\u00f4mico. Planos a partir de R$ 129 ao m\u00eas\" \/>\n<meta name=\"robots\" content=\"index, follow, max-snippet:-1, max-image-preview:large, max-video-preview:-1\" \/>\n<link rel=\"canonical\" href=\"https:\/\/teampartner.com.br\/online\/servicos-de-contabilidade\/\" \/>\n<meta property=\"og:locale\" content=\"pt_BR\" \/>\n<meta property=\"og:type\" content=\"article\" \/>\n<meta property=\"og:title\" content=\"TP Contabil Online\" \/>\n<meta property=\"og:description\" content=\"F\u00e1cil, Pr\u00e1tico, Seguro e Econ\u00f4mico. Planos a partir de R$ 129 ao m\u00eas\" \/>\n<meta property=\"og:url\" content=\"https:\/\/teampartner.com.br\/online\/servicos-de-contabilidade\/\" \/>\n<meta property=\"og:site_name\" content=\"TP Contabil Online\" \/>\n<meta property=\"article:modified_time\" content=\"2024-02-23T19:37:16+00:00\" \/>\n<meta property=\"og:image\" content=\"https:\/\/teampartner.com.br\/online\/wp-content\/uploads\/2024\/01\/p4.jpg\" \/>\n<meta name=\"twitter:card\" content=\"summary_large_image\" \/>\n<meta name=\"twitter:label1\" content=\"Est. tempo de leitura\" \/>\n\t<meta name=\"twitter:data1\" content=\"1 minuto\" \/>\n<script type=\"application\/ld+json\" class=\"yoast-schema-graph\">{\"@context\":\"https:\/\/schema.org\",\"@graph\":[{\"@type\":\"WebPage\",\"@id\":\"https:\/\/teampartner.com.br\/online\/servicos-de-contabilidade\/\",\"url\":\"https:\/\/teampartner.com.br\/online\/servicos-de-contabilidade\/\",\"name\":\"TP Contabil Online\",\"isPartOf\":{\"@id\":\"https:\/\/teampartner.com.br\/online\/#website\"},\"primaryImageOfPage\":{\"@id\":\"https:\/\/teampartner.com.br\/online\/servicos-de-contabilidade\/#primaryimage\"},\"image\":{\"@id\":\"https:\/\/teampartner.com.br\/online\/servicos-de-contabilidade\/#primaryimage\"},\"thumbnailUrl\":\"https:\/\/teampartner.com.br\/online\/wp-content\/uploads\/2024\/01\/p4.jpg\",\"datePublished\":\"2024-01-30T11:22:53+00:00\",\"dateModified\":\"2024-02-23T19:37:16+00:00\",\"description\":\"F\u00e1cil, Pr\u00e1tico, Seguro e Econ\u00f4mico. Planos a partir de R$ 129 ao m\u00eas\",\"breadcrumb\":{\"@id\":\"https:\/\/teampartner.com.br\/online\/servicos-de-contabilidade\/#breadcrumb\"},\"inLanguage\":\"pt-BR\",\"potentialAction\":[{\"@type\":\"ReadAction\",\"target\":[\"https:\/\/teampartner.com.br\/online\/servicos-de-contabilidade\/\"]}]},{\"@type\":\"ImageObject\",\"inLanguage\":\"pt-BR\",\"@id\":\"https:\/\/teampartner.com.br\/online\/servicos-de-contabilidade\/#primaryimage\",\"url\":\"https:\/\/teampartner.com.br\/online\/wp-content\/uploads\/2024\/01\/p4.jpg\",\"contentUrl\":\"https:\/\/teampartner.com.br\/online\/wp-content\/uploads\/2024\/01\/p4.jpg\",\"width\":1000,\"height\":750},{\"@type\":\"BreadcrumbList\",\"@id\":\"https:\/\/teampartner.com.br\/online\/servicos-de-contabilidade\/#breadcrumb\",\"itemListElement\":[{\"@type\":\"ListItem\",\"position\":1,\"name\":\"In\u00edcio\",\"item\":\"https:\/\/teampartner.com.br\/online\/\"},{\"@type\":\"ListItem\",\"position\":2,\"name\":\"Servi\u00e7os de contabilidade\"}]},{\"@type\":\"WebSite\",\"@id\":\"https:\/\/teampartner.com.br\/online\/#website\",\"url\":\"https:\/\/teampartner.com.br\/online\/\",\"name\":\"Team Partner Online\",\"description\":\"Contabilidade Online. F\u00e1cil, Seguro e Econ\u00f4mico\",\"publisher\":{\"@id\":\"https:\/\/teampartner.com.br\/online\/#organization\"},\"potentialAction\":[{\"@type\":\"SearchAction\",\"target\":{\"@type\":\"EntryPoint\",\"urlTemplate\":\"https:\/\/teampartner.com.br\/online\/?s={search_term_string}\"},\"query-input\":{\"@type\":\"PropertyValueSpecification\",\"valueRequired\":true,\"valueName\":\"search_term_string\"}}],\"inLanguage\":\"pt-BR\"},{\"@type\":\"Organization\",\"@id\":\"https:\/\/teampartner.com.br\/online\/#organization\",\"name\":\"Team Partner Online\",\"url\":\"https:\/\/teampartner.com.br\/online\/\",\"logo\":{\"@type\":\"ImageObject\",\"inLanguage\":\"pt-BR\",\"@id\":\"https:\/\/teampartner.com.br\/online\/#\/schema\/logo\/image\/\",\"url\":\"https:\/\/teampartner.com.br\/online\/wp-content\/uploads\/2024\/01\/logo.png\",\"contentUrl\":\"https:\/\/teampartner.com.br\/online\/wp-content\/uploads\/2024\/01\/logo.png\",\"width\":1197,\"height\":194,\"caption\":\"Team Partner Online\"},\"image\":{\"@id\":\"https:\/\/teampartner.com.br\/online\/#\/schema\/logo\/image\/\"},\"sameAs\":[\"https:\/\/www.instagram.com\/tp_teampartner\/\"]}]}<\/script>\n<!-- \/ Yoast SEO plugin. -->","yoast_head_json":{"title":"TP Contabil Online","description":"F\u00e1cil, Pr\u00e1tico, Seguro e Econ\u00f4mico. Planos a partir de R$ 129 ao m\u00eas","robots":{"index":"index","follow":"follow","max-snippet":"max-snippet:-1","max-image-preview":"max-image-preview:large","max-video-preview":"max-video-preview:-1"},"canonical":"https:\/\/teampartner.com.br\/online\/servicos-de-contabilidade\/","og_locale":"pt_BR","og_type":"article","og_title":"TP Contabil Online","og_description":"F\u00e1cil, Pr\u00e1tico, Seguro e Econ\u00f4mico. Planos a partir de R$ 129 ao m\u00eas","og_url":"https:\/\/teampartner.com.br\/online\/servicos-de-contabilidade\/","og_site_name":"TP Contabil Online","article_modified_time":"2024-02-23T19:37:16+00:00","og_image":[{"url":"https:\/\/teampartner.com.br\/online\/wp-content\/uploads\/2024\/01\/p4.jpg"}],"twitter_card":"summary_large_image","twitter_misc":{"Est. tempo de leitura":"1 minuto"},"schema":{"@context":"https:\/\/schema.org","@graph":[{"@type":"WebPage","@id":"https:\/\/teampartner.com.br\/online\/servicos-de-contabilidade\/","url":"https:\/\/teampartner.com.br\/online\/servicos-de-contabilidade\/","name":"TP Contabil Online","isPartOf":{"@id":"https:\/\/teampartner.com.br\/online\/#website"},"primaryImageOfPage":{"@id":"https:\/\/teampartner.com.br\/online\/servicos-de-contabilidade\/#primaryimage"},"image":{"@id":"https:\/\/teampartner.com.br\/online\/servicos-de-contabilidade\/#primaryimage"},"thumbnailUrl":"https:\/\/teampartner.com.br\/online\/wp-content\/uploads\/2024\/01\/p4.jpg","datePublished":"2024-01-30T11:22:53+00:00","dateModified":"2024-02-23T19:37:16+00:00","description":"F\u00e1cil, Pr\u00e1tico, Seguro e Econ\u00f4mico. Planos a partir de R$ 129 ao m\u00eas","breadcrumb":{"@id":"https:\/\/teampartner.com.br\/online\/servicos-de-contabilidade\/#breadcrumb"},"inLanguage":"pt-BR","potentialAction":[{"@type":"ReadAction","target":["https:\/\/teampartner.com.br\/online\/servicos-de-contabilidade\/"]}]},{"@type":"ImageObject","inLanguage":"pt-BR","@id":"https:\/\/teampartner.com.br\/online\/servicos-de-contabilidade\/#primaryimage","url":"https:\/\/teampartner.com.br\/online\/wp-content\/uploads\/2024\/01\/p4.jpg","contentUrl":"https:\/\/teampartner.com.br\/online\/wp-content\/uploads\/2024\/01\/p4.jpg","width":1000,"height":750},{"@type":"BreadcrumbList","@id":"https:\/\/teampartner.com.br\/online\/servicos-de-contabilidade\/#breadcrumb","itemListElement":[{"@type":"ListItem","position":1,"name":"In\u00edcio","item":"https:\/\/teampartner.com.br\/online\/"},{"@type":"ListItem","position":2,"name":"Servi\u00e7os de contabilidade"}]},{"@type":"WebSite","@id":"https:\/\/teampartner.com.br\/online\/#website","url":"https:\/\/teampartner.com.br\/online\/","name":"Team Partner Online","description":"Contabilidade Online. F\u00e1cil, Seguro e Econ\u00f4mico","publisher":{"@id":"https:\/\/teampartner.com.br\/online\/#organization"},"potentialAction":[{"@type":"SearchAction","target":{"@type":"EntryPoint","urlTemplate":"https:\/\/teampartner.com.br\/online\/?s={search_term_string}"},"query-input":{"@type":"PropertyValueSpecification","valueRequired":true,"valueName":"search_term_string"}}],"inLanguage":"pt-BR"},{"@type":"Organization","@id":"https:\/\/teampartner.com.br\/online\/#organization","name":"Team Partner Online","url":"https:\/\/teampartner.com.br\/online\/","logo":{"@type":"ImageObject","inLanguage":"pt-BR","@id":"https:\/\/teampartner.com.br\/online\/#\/schema\/logo\/image\/","url":"https:\/\/teampartner.com.br\/online\/wp-content\/uploads\/2024\/01\/logo.png","contentUrl":"https:\/\/teampartner.com.br\/online\/wp-content\/uploads\/2024\/01\/logo.png","width":1197,"height":194,"caption":"Team Partner Online"},"image":{"@id":"https:\/\/teampartner.com.br\/online\/#\/schema\/logo\/image\/"},"sameAs":["https:\/\/www.instagram.com\/tp_teampartner\/"]}]}},"uagb_featured_image_src":{"full":false,"thumbnail":false,"medium":false,"medium_large":false,"large":false,"1536x1536":false,"2048x2048":false,"post-thumbnail":false},"uagb_author_info":{"display_name":"admin","author_link":"https:\/\/teampartner.com.br\/online\/author\/admin_4lwhmqb0\/"},"uagb_comment_info":0,"uagb_excerpt":null,"_links":{"self":[{"href":"https:\/\/teampartner.com.br\/online\/wp-json\/wp\/v2\/pages\/105","targetHints":{"allow":["GET"]}}],"collection":[{"href":"https:\/\/teampartner.com.br\/online\/wp-json\/wp\/v2\/pages"}],"about":[{"href":"https:\/\/teampartner.com.br\/online\/wp-json\/wp\/v2\/types\/page"}],"author":[{"embeddable":true,"href":"https:\/\/teampartner.com.br\/online\/wp-json\/wp\/v2\/users\/1"}],"replies":[{"embeddable":true,"href":"https:\/\/teampartner.com.br\/online\/wp-json\/wp\/v2\/comments?post=105"}],"version-history":[{"count":9,"href":"https:\/\/teampartner.com.br\/online\/wp-json\/wp\/v2\/pages\/105\/revisions"}],"predecessor-version":[{"id":334,"href":"https:\/\/teampartner.com.br\/online\/wp-json\/wp\/v2\/pages\/105\/revisions\/334"}],"wp:attachment":[{"href":"https:\/\/teampartner.com.br\/online\/wp-json\/wp\/v2\/media?parent=105"}],"curies":[{"name":"wp","href":"https:\/\/api.w.org\/{rel}","templated":true}]}}