{"id":227,"date":"2024-02-07T11:09:25","date_gmt":"2024-02-07T14:09:25","guid":{"rendered":"https:\/\/teampartner.com.br\/online\/?page_id=227"},"modified":"2024-02-23T16:15:18","modified_gmt":"2024-02-23T19:15:18","slug":"plano-comercio-premium","status":"publish","type":"page","link":"https:\/\/teampartner.com.br\/online\/plano-comercio-premium\/","title":{"rendered":"Plano com\u00e9rcio premium"},"content":{"rendered":"<div id=\"multi-step-form\" class=\"fw-wizard\" data-stepCount=\"3\" data-wizardid=\"5\">\n    <div class=\"fw-wizard-step-header-container\">\n        <div class=\"fw-container\" data-redirect=\"https:\/\/teampartner.com.br\/online\/plano-comercio-premium\/obrigado\/\">\n                <div class=\"fw-wizard-step-header\" data-stepId=\"0\">\n            <h2>Prossiga para assinar o plano<\/h2>\n            <p class=\"fw-copytext\"><\/p>\n        <\/div>\n                <div class=\"fw-wizard-step-header\" data-stepId=\"1\">\n            <h2>Para continuar precisamos saber mais sobre voc\u00ea<\/h2>\n            <p class=\"fw-copytext\"><\/p>\n        <\/div>\n                <div class=\"fw-wizard-step-header\" data-stepId=\"2\">\n            <h2>Precisamos saber um pouco mais sobre como ser\u00e1 sua empresa<\/h2>\n            <p class=\"fw-copytext\"><\/p>\n        <\/div>\n                <\/div>\n    <\/div>\n    <div class=\"fw-progress-bar-container \">\n        <div class=\"fw-container\">\n    <div class=\"fw-progress-wrap\">\n    <ul class=\"fw-progress-bar\"\n        data-activecolor=\"#0079da\"\n        data-donecolor=\"#43a047\"\n        data-nextcolor=\"#aaa\"\n        data-buttoncolor=\"#0079da\">\n                <li class=\"fw-progress-step\"\n            data-id=\"0\">\n            <span class=\"fw-progress-bar-bar\"><\/span>\n            <span class=\"fw-txt-ellipsis\" data-title=\"PLANO ESCOLHIDO\">PLANO ESCOLHIDO<\/span>\n                    <\/li>\n                    <li class=\"fw-progress-step\"\n            data-id=\"1\">\n            <span class=\"fw-progress-bar-bar\"><\/span>\n            <span class=\"fw-txt-ellipsis\" data-title=\"DADOS PESSOAIS\">DADOS PESSOAIS<\/span>\n                    <\/li>\n                    <li class=\"fw-progress-step\"\n            data-id=\"2\">\n            <span class=\"fw-progress-bar-bar\"><\/span>\n            <span class=\"fw-txt-ellipsis\" data-title=\"DADOS DA EMPRESA\">DADOS DA EMPRESA<\/span>\n                    <\/li>\n                <\/ul>\n<\/div>\n        <\/div>\n    <\/div>\n    <div class=\"fw-wizard-step-container\">\n        <div class=\"fw-container\">\n                    <div class=\"fw-wizard-step\" data-stepId=\"0\">\n                <div class=\"fw-step-part \" data-partId=\"0\">\n\t<h2 class=\"fw-step-part-title \">\n\t\t\tPlano Escolhido\t<\/h2>\n\t<div class=\"fw-clearfix\"><\/div>\n\t<div class=\"fw-step-part-body\">\n\t\t\t\t\t\t\t\t\t<div class=\"fw-step-block\" data-blockId=\"5\" data-type=\"fw-paragraph\">\n\t\t\t<div class=\"fw-paragraph-container\">\n\t\t\t\t<p>Voc\u00ea escolheu o PLANO PREMIUM, siga as pr\u00f3ximas etapas para concluir o processo de assinatura.<\/p>\n\t\t\t<\/div>\n\t\t\t<div class=\"fw-clearfix\"><\/div>\n\t\t<\/div>\n\t\t\t\t\t\t<\/div>\n<\/div>\n\t\t\t                <div class=\"fw-clearfix\"><\/div>\n            <\/div>\n                        <div class=\"fw-wizard-step\" data-stepId=\"1\">\n                <div class=\"fw-step-part \" data-partId=\"0\">\n\t<h2 class=\"fw-step-part-title \">\n\t\t\tDados pessoais\t<\/h2>\n\t<div class=\"fw-clearfix\"><\/div>\n\t<div class=\"fw-step-part-body\">\n\t\t\t\t\t\t\t\t\t<div class=\"fw-step-block\" data-blockId=\"5\" data-type=\"fw-text\" data-required=\"true\">\n\t\t\t<div class=\"fw-input-container\">\n\t\t\t\t<label for=\"msf-text-nome-completo\"><h3>Nome completo<\/h3><\/label>\n\t\t\t\t<input \n\t\t\t\t\ttype=\"text\" \n\t\t\t\t\tclass=\"fw-text-input\" \n\t\t\t\t\tid=\"msf-text-nome-completo\"\n\t\t\t\t\tdata-id=\"text\">\n\t\t\t\t<span class=\"fa fa-pencil form-control-feedback\" aria-hidden=\"true\"><\/span>\n\t\t\t<\/div>\n\t\t\t<div class=\"fw-clearfix\"><\/div>\n\t\t<\/div>\n\t\t\t\t\t\t\t\t\t\t\t<div class=\"fw-step-block\" data-blockId=\"5\" data-type=\"fw-email\" data-required=\"true\">\n\t\t\t<div class=\"fw-input-container\">\n\t\t\t\t<label for=\"msf-mail-e-mail\"><h3>E-mail<\/h3><\/label>\n\t\t\t\t<input type=\"text\" id=\"msf-mail-e-mail\"  class=\"fw-text-input one\" data-id=\"email\">\n\t\t\t\t<span class=\"fa fa-envelope form-control-feedback\" aria-hidden=\"true\"><\/span>\n\t\t\t<\/div>\n\t\t\t\t\t\t<div class=\"fw-clearfix\"><\/div>\n\t\t<\/div>\n\t  \t\t\t\t\t\t\t\t\t<div class=\"fw-step-block\" data-blockId=\"5\" data-type=\"fw-text\" data-required=\"true\">\n\t\t\t<div class=\"fw-input-container\">\n\t\t\t\t<label for=\"msf-text-celular\"><h3>Celular<\/h3><\/label>\n\t\t\t\t<input \n\t\t\t\t\ttype=\"text\" \n\t\t\t\t\tclass=\"fw-text-input\" \n\t\t\t\t\tid=\"msf-text-celular\"\n\t\t\t\t\tdata-id=\"text\">\n\t\t\t\t<span class=\"fa fa-pencil form-control-feedback\" aria-hidden=\"true\"><\/span>\n\t\t\t<\/div>\n\t\t\t<div class=\"fw-clearfix\"><\/div>\n\t\t<\/div>\n\t\t\t\t\t\t<\/div>\n<\/div>\n\t\t\t                <div class=\"fw-clearfix\"><\/div>\n            <\/div>\n                        <div class=\"fw-wizard-step\" data-stepId=\"2\">\n                <div class=\"fw-step-part \" data-partId=\"0\">\n\t<h2 class=\"fw-step-part-title \">\n\t\t\tDados da empresa\t<\/h2>\n\t<div class=\"fw-clearfix\"><\/div>\n\t<div class=\"fw-step-part-body\">\n\t\t\t\t\t\t\t\t\t<div class=\"fw-step-block\" data-blockId=\"5\" data-type=\"fw-select\" data-required=\"true\">\t\n\t\t\t<label for=\"msf-select-qual-atividade-voc\u00ea-vai-exercer?\"><h3>Qual atividade voc\u00ea vai exercer?<\/h3><\/label>\n\t\t\t<select class=\"fw-select\" \n\t\t\t\tdata-search=\"true\" \n\t\t\t\tdata-placeholder=\"Selecione sua atividade\" \n\t\t\t\tdata-required=\"true\"\n\t\t\t\tid=\"msf-select-qual-atividade-voc\u00ea-vai-exercer?\">\n\t\t\t\t<option><\/option>\n\t\t\t\t\t\t\t\t<option id=\"fw-5-2-0-0-0\" type=\"select\" name=\"fw-5-2-0-0\">PJ em uma empresa<\/option>\n\t\t\t\t\t\t\t\t<option id=\"fw-5-2-0-0-1\" type=\"select\" name=\"fw-5-2-0-0\">Servi\u00e7os de TI<\/option>\n\t\t\t\t\t\t\t\t<option id=\"fw-5-2-0-0-2\" type=\"select\" name=\"fw-5-2-0-0\">Servi\u00e7os Administrativos<\/option>\n\t\t\t\t\t\t\t\t<option id=\"fw-5-2-0-0-3\" type=\"select\" name=\"fw-5-2-0-0\">Com\u00e9rcio<\/option>\n\t\t\t\t\t\t\t\t<option id=\"fw-5-2-0-0-4\" type=\"select\" name=\"fw-5-2-0-0\">Medicina<\/option>\n\t\t\t\t\t\t\t\t<option id=\"fw-5-2-0-0-5\" type=\"select\" name=\"fw-5-2-0-0\">Psicologia e outros sa\u00fade<\/option>\n\t\t\t\t\t\t\t\t<option id=\"fw-5-2-0-0-6\" type=\"select\" name=\"fw-5-2-0-0\">Marketing \/ Publicidade<\/option>\n\t\t\t\t\t\t\t\t<option id=\"fw-5-2-0-0-7\" type=\"select\" name=\"fw-5-2-0-0\">Engenharia \/ Arquitetura<\/option>\n\t\t\t\t\t\t\t\t<option id=\"fw-5-2-0-0-8\" type=\"select\" name=\"fw-5-2-0-0\">Educa\u00e7\u00e3o \/ Cursos<\/option>\n\t\t\t\t\t\t\t\t<option id=\"fw-5-2-0-0-9\" type=\"select\" name=\"fw-5-2-0-0\">Advocacia<\/option>\n\t\t\t\t\t\t\t\t<option id=\"fw-5-2-0-0-10\" type=\"select\" name=\"fw-5-2-0-0\">Consultoria<\/option>\n\t\t\t\t\t\t\t\t<option id=\"fw-5-2-0-0-11\" type=\"select\" name=\"fw-5-2-0-0\">Representa\u00e7\u00e3o Comercial<\/option>\n\t\t\t\t\t\t\t\t<option id=\"fw-5-2-0-0-12\" type=\"select\" name=\"fw-5-2-0-0\">Minha atividade n\u00e3o est\u00e1 na lista<\/option>\n\t\t\t\t\t\t\t<\/select>\n\t\t<\/div>\n\t\t  \t\t\t\t\t\t\t\t\t<div class=\"fw-step-block\" data-blockId=\"5\" data-type=\"fw-text\" data-required=\"true\">\n\t\t\t<div class=\"fw-input-container\">\n\t\t\t\t<label for=\"msf-text-cep\"><h3>CEP<\/h3><\/label>\n\t\t\t\t<input \n\t\t\t\t\ttype=\"text\" \n\t\t\t\t\tclass=\"fw-text-input\" \n\t\t\t\t\tid=\"msf-text-cep\"\n\t\t\t\t\tdata-id=\"text\">\n\t\t\t\t<span class=\"fa fa-pencil form-control-feedback\" aria-hidden=\"true\"><\/span>\n\t\t\t<\/div>\n\t\t\t<div class=\"fw-clearfix\"><\/div>\n\t\t<\/div>\n\t\t\t\t\t\t\t\t\t\t\t<div class=\"fw-step-block\" data-blockId=\"5\" data-type=\"fw-paragraph\">\n\t\t\t<div class=\"fw-paragraph-container\">\n\t\t\t\t<p>A maioria das prefeituras aceita o uso de endere\u00e7o residencial. Voc\u00ea poder\u00e1 altera-lo futuramente.<\/p>\n\t\t\t<\/div>\n\t\t\t<div class=\"fw-clearfix\"><\/div>\n\t\t<\/div>\n\t\t\t\t\t\t\t\t\t\t\t<div class=\"fw-step-block\" data-blockId=\"5\" data-type=\"fw-radio\" data-required=\"true\">\n\t\t\t\t\t\t\t\t<h3>Deseja abrir sua empresa utilizando um endere\u00e7o particular ou o endere\u00e7o do Escrit\u00f3rio Virtual da TeamPartner?<\/h3>\n\t\t\t\t\t\t\t\t\t\t<span class=\"fw-choice fw-radio-row\">\n\t\t\t\t\t\t<input id=\"fw-5-2-0-3-1\" type=\"radio\" name=\"fw-5-2-0-3\" class=\"fw-radio\" data-id=\"1\">\n\t\t\t\t\t\t<label for=\"fw-5-2-0-3-1\" data-labelId=\"1\">Quero utilizar o Escrit\u00f3rio Virtual da TeamPartner *<\/label>\n\t\t\t\t\t<\/span>\n\t\t\t\t\t\t\t\t\t\t<span class=\"fw-choice fw-radio-row\">\n\t\t\t\t\t\t<input id=\"fw-5-2-0-3-2\" type=\"radio\" name=\"fw-5-2-0-3\" class=\"fw-radio\" data-id=\"2\">\n\t\t\t\t\t\t<label for=\"fw-5-2-0-3-2\" data-labelId=\"2\">Quero utilizar meu endere\u00e7o particular<\/label>\n\t\t\t\t\t<\/span>\n\t\t\t\t\t\t\t<\/div>\n\t\t\t\t\t\t\t\t\t\t\t<div class=\"fw-step-block\" data-blockId=\"5\" data-type=\"fw-paragraph\">\n\t\t\t<div class=\"fw-paragraph-container\">\n\t\t\t\t<p>* Vantagens do Escrit\u00f3rio Virtual da TeamPartner: Abertura de empresa mais r\u00e1pido; Endere\u00e7o particular protegido; Economia nos custos de abertura.<\/p>\n\t\t\t<\/div>\n\t\t\t<div class=\"fw-clearfix\"><\/div>\n\t\t<\/div>\n\t\t\t\t\t\t\t\t\t\t\t<div class=\"fw-step-block\" data-blockId=\"5\" data-type=\"fw-paragraph\">\n\t\t\t<div class=\"fw-paragraph-container\">\n\t\t\t\t<p>* R$50\/m\u00eas &#8211; cobrado \u00e0 partir da segunda parcela do plano de contabilidade.<\/p>\n\t\t\t<\/div>\n\t\t\t<div class=\"fw-clearfix\"><\/div>\n\t\t<\/div>\n\t\t\t\t\t\t\t\t\t\t\t<div class=\"fw-step-block\" data-blockId=\"5\" data-type=\"fw-paragraph\">\n\t\t\t<div class=\"fw-paragraph-container\">\n\t\t\t\t<p>Sem sair de casa: Buscamos a papelada na sua casa, levamos aos \u00f3rg\u00e3os p\u00fablicos e cuidamos da burocracia.<\/p>\n\t\t\t<\/div>\n\t\t\t<div class=\"fw-clearfix\"><\/div>\n\t\t<\/div>\n\t\t\t\t\t\t\t\t\t\t\t<div class=\"fw-step-block\" data-blockId=\"5\" data-type=\"fw-paragraph\">\n\t\t\t<div class=\"fw-paragraph-container\">\n\t\t\t\t<p>Custo Zero: N\u00f3s pagamos o custo da abertura de empresa e as taxas obrigat\u00f3rias do governo.<\/p>\n\t\t\t<\/div>\n\t\t\t<div class=\"fw-clearfix\"><\/div>\n\t\t<\/div>\n\t\t\t\t\t\t<\/div>\n<\/div>\n\t\t\t                        <div class=\"fw-summary-container\">\n                            <button type=\"button\" class=\"fw-toggle-summary\">MOSTRAR RESUMO<\/button>\n                            <div id=\"wizard-summary\" class=\"fw-wizard-summary\" style=\"display:none;\" data-showsummary=\"on\">\n                            <div class=\"fw-summary-alert\">Alguns campos obrigat\u00f3rios est\u00e3o vazios<br>Verifique os campos assinalados.<\/div>\n                            <\/div>\n                        <\/div>\n                                            <button type=\"button\" class=\"fw-btn-submit\">Enviar<\/button>\n                                <div class=\"fw-clearfix\"><\/div>\n            <\/div>\n                    <\/div>\n    <\/div>\n        <div class=\"fw-wizard-button-container\">\n        <div class=\"fw-container\">\n            <div class=\"fw-wizard-buttons\">\n                <button class=\"fw-button-previous\"><i class=\"fa fa-arrow-circle-left\" aria-hidden=\"true\"><\/i> &nbsp;Etapa anterior<\/button>\n                <button class=\"fw-button-next\">Pr\u00f3xima etapa &nbsp;<i class=\"fa fa-arrow-circle-right\" aria-hidden=\"true\"><\/i><\/button>\n            <\/div>\n        <\/div>\n    <\/div>\n        <div class=\"fw-alert-user\" style=\"display:none;\"><\/div>\n<\/div>\n","protected":false},"excerpt":{"rendered":"","protected":false},"author":1,"featured_media":0,"parent":0,"menu_order":0,"comment_status":"closed","ping_status":"closed","template":"","meta":{"_eb_attr":"","_uag_custom_page_level_css":"","ub_ctt_via":"","footnotes":""},"class_list":["post-227","page","type-page","status-publish","hentry"],"featured_image_src":null,"yoast_head":"<!-- This site is optimized with the Yoast SEO plugin v23.5 - https:\/\/yoast.com\/wordpress\/plugins\/seo\/ -->\n<title>Plano com\u00e9rcio premium<\/title>\n<meta name=\"description\" content=\"F\u00e1cil, Pr\u00e1tico, Seguro e Econ\u00f4mico. Planos a partir de R$ 129 ao m\u00eas\" \/>\n<meta name=\"robots\" content=\"index, follow, max-snippet:-1, max-image-preview:large, max-video-preview:-1\" \/>\n<link rel=\"canonical\" href=\"https:\/\/teampartner.com.br\/online\/plano-comercio-premium\/\" \/>\n<meta property=\"og:locale\" content=\"pt_BR\" \/>\n<meta property=\"og:type\" content=\"article\" \/>\n<meta property=\"og:title\" content=\"TP Contabil Online - Plano com\u00e9rcio premium\" \/>\n<meta property=\"og:description\" content=\"F\u00e1cil, Pr\u00e1tico, Seguro e Econ\u00f4mico. Planos a partir de R$ 129 ao m\u00eas\" \/>\n<meta property=\"og:url\" content=\"https:\/\/teampartner.com.br\/online\/plano-comercio-premium\/\" \/>\n<meta property=\"og:site_name\" content=\"TP Contabil Online\" \/>\n<meta property=\"article:modified_time\" content=\"2024-02-23T19:15:18+00:00\" \/>\n<meta name=\"twitter:card\" content=\"summary_large_image\" \/>\n<script type=\"application\/ld+json\" class=\"yoast-schema-graph\">{\"@context\":\"https:\/\/schema.org\",\"@graph\":[{\"@type\":\"WebPage\",\"@id\":\"https:\/\/teampartner.com.br\/online\/plano-comercio-premium\/\",\"url\":\"https:\/\/teampartner.com.br\/online\/plano-comercio-premium\/\",\"name\":\"Plano com\u00e9rcio premium\",\"isPartOf\":{\"@id\":\"https:\/\/teampartner.com.br\/online\/#website\"},\"datePublished\":\"2024-02-07T14:09:25+00:00\",\"dateModified\":\"2024-02-23T19:15:18+00:00\",\"description\":\"F\u00e1cil, Pr\u00e1tico, Seguro e Econ\u00f4mico. Planos a partir de R$ 129 ao m\u00eas\",\"breadcrumb\":{\"@id\":\"https:\/\/teampartner.com.br\/online\/plano-comercio-premium\/#breadcrumb\"},\"inLanguage\":\"pt-BR\",\"potentialAction\":[{\"@type\":\"ReadAction\",\"target\":[\"https:\/\/teampartner.com.br\/online\/plano-comercio-premium\/\"]}]},{\"@type\":\"BreadcrumbList\",\"@id\":\"https:\/\/teampartner.com.br\/online\/plano-comercio-premium\/#breadcrumb\",\"itemListElement\":[{\"@type\":\"ListItem\",\"position\":1,\"name\":\"In\u00edcio\",\"item\":\"https:\/\/teampartner.com.br\/online\/\"},{\"@type\":\"ListItem\",\"position\":2,\"name\":\"Plano com\u00e9rcio premium\"}]},{\"@type\":\"WebSite\",\"@id\":\"https:\/\/teampartner.com.br\/online\/#website\",\"url\":\"https:\/\/teampartner.com.br\/online\/\",\"name\":\"Team Partner Online\",\"description\":\"Contabilidade Online. F\u00e1cil, Seguro e Econ\u00f4mico\",\"publisher\":{\"@id\":\"https:\/\/teampartner.com.br\/online\/#organization\"},\"potentialAction\":[{\"@type\":\"SearchAction\",\"target\":{\"@type\":\"EntryPoint\",\"urlTemplate\":\"https:\/\/teampartner.com.br\/online\/?s={search_term_string}\"},\"query-input\":{\"@type\":\"PropertyValueSpecification\",\"valueRequired\":true,\"valueName\":\"search_term_string\"}}],\"inLanguage\":\"pt-BR\"},{\"@type\":\"Organization\",\"@id\":\"https:\/\/teampartner.com.br\/online\/#organization\",\"name\":\"Team Partner Online\",\"url\":\"https:\/\/teampartner.com.br\/online\/\",\"logo\":{\"@type\":\"ImageObject\",\"inLanguage\":\"pt-BR\",\"@id\":\"https:\/\/teampartner.com.br\/online\/#\/schema\/logo\/image\/\",\"url\":\"https:\/\/teampartner.com.br\/online\/wp-content\/uploads\/2024\/01\/logo.png\",\"contentUrl\":\"https:\/\/teampartner.com.br\/online\/wp-content\/uploads\/2024\/01\/logo.png\",\"width\":1197,\"height\":194,\"caption\":\"Team Partner Online\"},\"image\":{\"@id\":\"https:\/\/teampartner.com.br\/online\/#\/schema\/logo\/image\/\"},\"sameAs\":[\"https:\/\/www.instagram.com\/tp_teampartner\/\"]}]}<\/script>\n<!-- \/ Yoast SEO plugin. -->","yoast_head_json":{"title":"Plano com\u00e9rcio premium","description":"F\u00e1cil, Pr\u00e1tico, Seguro e Econ\u00f4mico. Planos a partir de R$ 129 ao m\u00eas","robots":{"index":"index","follow":"follow","max-snippet":"max-snippet:-1","max-image-preview":"max-image-preview:large","max-video-preview":"max-video-preview:-1"},"canonical":"https:\/\/teampartner.com.br\/online\/plano-comercio-premium\/","og_locale":"pt_BR","og_type":"article","og_title":"TP Contabil Online - Plano com\u00e9rcio premium","og_description":"F\u00e1cil, Pr\u00e1tico, Seguro e Econ\u00f4mico. Planos a partir de R$ 129 ao m\u00eas","og_url":"https:\/\/teampartner.com.br\/online\/plano-comercio-premium\/","og_site_name":"TP Contabil Online","article_modified_time":"2024-02-23T19:15:18+00:00","twitter_card":"summary_large_image","schema":{"@context":"https:\/\/schema.org","@graph":[{"@type":"WebPage","@id":"https:\/\/teampartner.com.br\/online\/plano-comercio-premium\/","url":"https:\/\/teampartner.com.br\/online\/plano-comercio-premium\/","name":"Plano com\u00e9rcio premium","isPartOf":{"@id":"https:\/\/teampartner.com.br\/online\/#website"},"datePublished":"2024-02-07T14:09:25+00:00","dateModified":"2024-02-23T19:15:18+00:00","description":"F\u00e1cil, Pr\u00e1tico, Seguro e Econ\u00f4mico. Planos a partir de R$ 129 ao m\u00eas","breadcrumb":{"@id":"https:\/\/teampartner.com.br\/online\/plano-comercio-premium\/#breadcrumb"},"inLanguage":"pt-BR","potentialAction":[{"@type":"ReadAction","target":["https:\/\/teampartner.com.br\/online\/plano-comercio-premium\/"]}]},{"@type":"BreadcrumbList","@id":"https:\/\/teampartner.com.br\/online\/plano-comercio-premium\/#breadcrumb","itemListElement":[{"@type":"ListItem","position":1,"name":"In\u00edcio","item":"https:\/\/teampartner.com.br\/online\/"},{"@type":"ListItem","position":2,"name":"Plano com\u00e9rcio premium"}]},{"@type":"WebSite","@id":"https:\/\/teampartner.com.br\/online\/#website","url":"https:\/\/teampartner.com.br\/online\/","name":"Team Partner Online","description":"Contabilidade Online. F\u00e1cil, Seguro e Econ\u00f4mico","publisher":{"@id":"https:\/\/teampartner.com.br\/online\/#organization"},"potentialAction":[{"@type":"SearchAction","target":{"@type":"EntryPoint","urlTemplate":"https:\/\/teampartner.com.br\/online\/?s={search_term_string}"},"query-input":{"@type":"PropertyValueSpecification","valueRequired":true,"valueName":"search_term_string"}}],"inLanguage":"pt-BR"},{"@type":"Organization","@id":"https:\/\/teampartner.com.br\/online\/#organization","name":"Team Partner Online","url":"https:\/\/teampartner.com.br\/online\/","logo":{"@type":"ImageObject","inLanguage":"pt-BR","@id":"https:\/\/teampartner.com.br\/online\/#\/schema\/logo\/image\/","url":"https:\/\/teampartner.com.br\/online\/wp-content\/uploads\/2024\/01\/logo.png","contentUrl":"https:\/\/teampartner.com.br\/online\/wp-content\/uploads\/2024\/01\/logo.png","width":1197,"height":194,"caption":"Team Partner Online"},"image":{"@id":"https:\/\/teampartner.com.br\/online\/#\/schema\/logo\/image\/"},"sameAs":["https:\/\/www.instagram.com\/tp_teampartner\/"]}]}},"uagb_featured_image_src":{"full":false,"thumbnail":false,"medium":false,"medium_large":false,"large":false,"1536x1536":false,"2048x2048":false,"post-thumbnail":false},"uagb_author_info":{"display_name":"admin","author_link":"https:\/\/teampartner.com.br\/online\/author\/admin_4lwhmqb0\/"},"uagb_comment_info":0,"uagb_excerpt":null,"_links":{"self":[{"href":"https:\/\/teampartner.com.br\/online\/wp-json\/wp\/v2\/pages\/227","targetHints":{"allow":["GET"]}}],"collection":[{"href":"https:\/\/teampartner.com.br\/online\/wp-json\/wp\/v2\/pages"}],"about":[{"href":"https:\/\/teampartner.com.br\/online\/wp-json\/wp\/v2\/types\/page"}],"author":[{"embeddable":true,"href":"https:\/\/teampartner.com.br\/online\/wp-json\/wp\/v2\/users\/1"}],"replies":[{"embeddable":true,"href":"https:\/\/teampartner.com.br\/online\/wp-json\/wp\/v2\/comments?post=227"}],"version-history":[{"count":1,"href":"https:\/\/teampartner.com.br\/online\/wp-json\/wp\/v2\/pages\/227\/revisions"}],"predecessor-version":[{"id":228,"href":"https:\/\/teampartner.com.br\/online\/wp-json\/wp\/v2\/pages\/227\/revisions\/228"}],"wp:attachment":[{"href":"https:\/\/teampartner.com.br\/online\/wp-json\/wp\/v2\/media?parent=227"}],"curies":[{"name":"wp","href":"https:\/\/api.w.org\/{rel}","templated":true}]}}