{"id":393,"date":"2024-09-27T11:46:24","date_gmt":"2024-09-27T14:46:24","guid":{"rendered":"https:\/\/teampartner.com.br\/online\/?page_id=393"},"modified":"2024-09-27T11:46:25","modified_gmt":"2024-09-27T14:46:25","slug":"servicos-online","status":"publish","type":"page","link":"https:\/\/teampartner.com.br\/online\/servicos-online\/","title":{"rendered":"Servi\u00e7os Online"},"content":{"rendered":"\n<div class=\"wp-block-columns is-layout-flex wp-container-core-columns-is-layout-9d6595d7 wp-block-columns-is-layout-flex\">\n<div class=\"wp-block-column is-layout-flow wp-block-column-is-layout-flow\">\n<h2 class=\"wp-block-heading\">Certid\u00f5es Negativas<\/h2>\n\n\n\n<ul class=\"wp-block-list\">\n<li><a href=\"http:\/\/www.tst.jus.br\/certidao\" target=\"_blank\" rel=\"noreferrer noopener\">Certid\u00e3o Negativa \u2013 D\u00e9bitos Trabalhistas<\/a><\/li>\n\n\n\n<li><a href=\"http:\/\/www.dividaativa.pge.sp.gov.br\/da-ic-web\/inicio.do\" target=\"_blank\" rel=\"noreferrer noopener\">Certid\u00e3o Negativa \u2013 Estadual \u2013 D\u00edvida Ativa<\/a><\/li>\n\n\n\n<li><a href=\"https:\/\/esaj.tjsp.jus.br\/sco\/abrirCadastro.do\" target=\"_blank\" rel=\"noreferrer noopener\">Certid\u00e3o Negativa \u2013 Fal\u00eancia e Concordata<\/a><\/li>\n\n\n\n<li><a href=\"http:\/\/cnd.dataprev.gov.br\/cws\/contexto\/cnd\/cnd.html\" target=\"_blank\" rel=\"noreferrer noopener\">Certid\u00e3o Negativa \u2013 INSS \u2013 2\u00aa Via<\/a><\/li>\n\n\n\n<li><a href=\"https:\/\/web.trf3.jus.br\/certidao-regional\/CertidaoCivelEleitoralCriminal\/SolicitarDadosCertidao\" target=\"_blank\" rel=\"noreferrer noopener\">Certid\u00e3o Negativa \u2013 Justi\u00e7a Federal<\/a><\/li>\n\n\n\n<li><a href=\"http:\/\/www.presidenteprudente.sp.gov.br\/servicos\/certidoes\/default.asp\" target=\"_blank\" rel=\"noreferrer noopener\">Certid\u00e3o Negativa \u2013 Municipal (Presidente Prudente)<\/a><\/li>\n\n\n\n<li><a href=\"https:\/\/solucoes.receita.fazenda.gov.br\/Servicos\/certidaointernet\/PJ\/Emitir\" target=\"_blank\" rel=\"noreferrer noopener\">Certid\u00e3o Negativa \u2013 Receita Federal<\/a><\/li>\n\n\n\n<li><a href=\"https:\/\/consulta-crf.caixa.gov.br\/consultacrf\/pages\/consultaEmpregador.jsf\" target=\"_blank\" rel=\"noreferrer noopener\">Certid\u00e3o FGTS<\/a><\/li>\n<\/ul>\n<\/div>\n\n\n\n<div class=\"wp-block-column is-layout-flow wp-block-column-is-layout-flow\">\n<h2 class=\"wp-block-heading\">Consultas<\/h2>\n\n\n\n<ul class=\"wp-block-list\">\n<li><a href=\"http:\/\/www.ssp.sp.gov.br\/servicos\/atestado.aspx\" target=\"_blank\" rel=\"noreferrer noopener\">Atestado de Antecedentes Criminais<\/a><\/li>\n\n\n\n<li><a href=\"http:\/\/www.tse.jus.br\/eleitor\/servicos\/situacao-eleitoral\" target=\"_blank\" rel=\"noreferrer noopener\">Certid\u00e3o Quita\u00e7\u00e3o Eleitoral<\/a><\/li>\n\n\n\n<li><a href=\"https:\/\/mei.receita.economia.gov.br\/certificado\/login\" target=\"_blank\" rel=\"noreferrer noopener\">Certificado MEI \u2013 Microempreendedor Individual<\/a><\/li>\n\n\n\n<li><a href=\"http:\/\/www.planalto.gov.br\/ccivil_03\/LEIS\/L8078.htm\" target=\"_blank\" rel=\"noreferrer noopener\">C\u00f3digo Defesa do Consumidor<\/a><\/li>\n\n\n\n<li><a href=\"http:\/\/www.correios.com.br\/para-voce\" target=\"_blank\" rel=\"noreferrer noopener\">Consulta CEP<\/a><\/li>\n\n\n\n<li><a href=\"https:\/\/concla.ibge.gov.br\/busca-online-cnae.html\" target=\"_blank\" rel=\"noreferrer noopener\">Consulta CNAE \u2013 C\u00f3digo de Atividades Econ\u00f4micas<\/a><\/li>\n\n\n\n<li><a href=\"https:\/\/servicos.receita.fazenda.gov.br\/servicos\/cpf\/consultasituacao\/consultapublica.asp\" target=\"_blank\" rel=\"noreferrer noopener\">Consulta CPF<\/a><\/li>\n\n\n\n<li><a href=\"http:\/\/www.nfe.fazenda.gov.br\/PORTAL\/principal.aspx\" target=\"_blank\" rel=\"noreferrer noopener\">Consulta de Autenticidade DANFE<\/a><\/li>\n\n\n\n<li><a href=\"https:\/\/www.cadesp.fazenda.sp.gov.br\/(S(qai2zrvomdxgokoetiz3lxkw))\/Pages\/Cadastro\/Consultas\/ConsultaPublica\/ConsultaPublica.aspx\" target=\"_blank\" rel=\"noreferrer noopener\">Consulta de Contribuinte do ICMS em SP<\/a><\/li>\n\n\n\n<li><a href=\"https:\/\/www.jucesponline.sp.gov.br\/ResultadoBusca.aspx\" target=\"_blank\" rel=\"noreferrer noopener\">Consulta de Nome \u2013 Jucesp<\/a><\/li>\n\n\n\n<li><a href=\"https:\/\/www8.receita.fazenda.gov.br\/simplesnacional\/aplicacoes.aspx?id=21\" target=\"_blank\" rel=\"noreferrer noopener\">Consulta Optante Simples Nacional<\/a><\/li>\n\n\n\n<li><a href=\"http:\/\/www.sintegra.gov.br\/\" target=\"_blank\" rel=\"noreferrer noopener\">Consulta Sintegra<\/a><\/li>\n\n\n\n<li><a href=\"https:\/\/solucoes.receita.fazenda.gov.br\/Servicos\/cnpjreva\/cnpjreva_solicitacao.asp\" target=\"_blank\" rel=\"noreferrer noopener\">Emiss\u00e3o Cart\u00e3o CNPJ<\/a><\/li>\n\n\n\n<li><a href=\"https:\/\/www.jucesponline.sp.gov.br\/default.aspx\" target=\"_blank\" rel=\"noreferrer noopener\">Ficha de Breve Relato Jucesp<\/a><\/li>\n\n\n\n<li><a href=\"https:\/\/extratoir.inss.gov.br\/irpf01\/pages\/consultarExtratoIR.xhtml;jses\" target=\"_blank\" rel=\"noreferrer noopener\">Informe Rendimento Aposentadoria do INSS<\/a><\/li>\n\n\n\n<li><a href=\"http:\/\/www.detran.sp.gov.br\/\" target=\"_blank\" rel=\"noreferrer noopener\">Multas de Ve\u00edculos Cadastrados em SP<\/a><\/li>\n\n\n\n<li><a href=\"https:\/\/www.gov.br\/receitafederal\/pt-br\/centrais-de-conteudo\/publicacoes\/perguntas-e-respostas\/dirpf\/pr-irpf-2024.pdf\/view\" target=\"_blank\" rel=\"noreferrer noopener\">Perguntas e Respostas Pessoa F\u00edsica (RFB)<\/a><\/li>\n\n\n\n<li><a href=\"https:\/\/www.gov.br\/receitafederal\/pt-br\/assuntos\/orientacao-tributaria\/declaracoes-e-demonstrativos\/ecf\/perguntas-e-respostas-pessoa-juridica-2021\" target=\"_blank\" rel=\"noreferrer noopener\">Perguntas e Respostas Pessoa Jur\u00eddica (RFB)<\/a><\/li>\n\n\n\n<li><a href=\"http:\/\/servicosonline.inpi.pt\/pesquisas\/main\/marcas.jsp?lang=PT\" target=\"_blank\" rel=\"noreferrer noopener\">Pesquisa de Marca no INPI<\/a><\/li>\n\n\n\n<li><a href=\"http:\/\/www.detran.sp.gov.br\/\" target=\"_blank\" rel=\"noreferrer noopener\">Pontos na Carteira \u2013 Secret. Seguran\u00e7a P\u00fablica SP<\/a><\/li>\n\n\n\n<li><a href=\"https:\/\/www.gov.br\/receitafederal\/pt-br\/acesso-a-informacao\/legislacao\/documentos-e-arquivos\/tipi.pdf\" target=\"_blank\" rel=\"noreferrer noopener\">Tabela TIPI (NBM)<\/a><\/li>\n<\/ul>\n<\/div>\n<\/div>\n","protected":false},"excerpt":{"rendered":"<p>Certid\u00f5es Negativas Consultas<\/p>\n","protected":false},"author":1,"featured_media":0,"parent":0,"menu_order":0,"comment_status":"closed","ping_status":"closed","template":"","meta":{"_eb_attr":"","_uag_custom_page_level_css":"","ub_ctt_via":"","footnotes":""},"class_list":["post-393","page","type-page","status-publish","hentry"],"featured_image_src":null,"yoast_head":"<!-- This site is optimized with the Yoast SEO plugin v23.5 - https:\/\/yoast.com\/wordpress\/plugins\/seo\/ -->\n<title>Servi\u00e7os Online - TP Contabil Online<\/title>\n<meta name=\"robots\" content=\"index, follow, max-snippet:-1, max-image-preview:large, max-video-preview:-1\" \/>\n<link rel=\"canonical\" href=\"https:\/\/teampartner.com.br\/online\/servicos-online\/\" \/>\n<meta property=\"og:locale\" content=\"pt_BR\" \/>\n<meta property=\"og:type\" content=\"article\" \/>\n<meta property=\"og:title\" content=\"Servi\u00e7os Online - TP Contabil Online\" \/>\n<meta property=\"og:description\" content=\"Certid\u00f5es Negativas Consultas\" \/>\n<meta property=\"og:url\" content=\"https:\/\/teampartner.com.br\/online\/servicos-online\/\" \/>\n<meta property=\"og:site_name\" content=\"TP Contabil Online\" \/>\n<meta property=\"article:modified_time\" content=\"2024-09-27T14:46:25+00:00\" \/>\n<meta name=\"twitter:card\" content=\"summary_large_image\" \/>\n<meta name=\"twitter:label1\" content=\"Est. tempo de leitura\" \/>\n\t<meta name=\"twitter:data1\" content=\"1 minuto\" \/>\n<script type=\"application\/ld+json\" class=\"yoast-schema-graph\">{\"@context\":\"https:\/\/schema.org\",\"@graph\":[{\"@type\":\"WebPage\",\"@id\":\"https:\/\/teampartner.com.br\/online\/servicos-online\/\",\"url\":\"https:\/\/teampartner.com.br\/online\/servicos-online\/\",\"name\":\"Servi\u00e7os Online - TP Contabil Online\",\"isPartOf\":{\"@id\":\"https:\/\/teampartner.com.br\/online\/#website\"},\"datePublished\":\"2024-09-27T14:46:24+00:00\",\"dateModified\":\"2024-09-27T14:46:25+00:00\",\"breadcrumb\":{\"@id\":\"https:\/\/teampartner.com.br\/online\/servicos-online\/#breadcrumb\"},\"inLanguage\":\"pt-BR\",\"potentialAction\":[{\"@type\":\"ReadAction\",\"target\":[\"https:\/\/teampartner.com.br\/online\/servicos-online\/\"]}]},{\"@type\":\"BreadcrumbList\",\"@id\":\"https:\/\/teampartner.com.br\/online\/servicos-online\/#breadcrumb\",\"itemListElement\":[{\"@type\":\"ListItem\",\"position\":1,\"name\":\"In\u00edcio\",\"item\":\"https:\/\/teampartner.com.br\/online\/\"},{\"@type\":\"ListItem\",\"position\":2,\"name\":\"Servi\u00e7os Online\"}]},{\"@type\":\"WebSite\",\"@id\":\"https:\/\/teampartner.com.br\/online\/#website\",\"url\":\"https:\/\/teampartner.com.br\/online\/\",\"name\":\"Team Partner Online\",\"description\":\"Contabilidade Online. F\u00e1cil, Seguro e Econ\u00f4mico\",\"publisher\":{\"@id\":\"https:\/\/teampartner.com.br\/online\/#organization\"},\"potentialAction\":[{\"@type\":\"SearchAction\",\"target\":{\"@type\":\"EntryPoint\",\"urlTemplate\":\"https:\/\/teampartner.com.br\/online\/?s={search_term_string}\"},\"query-input\":{\"@type\":\"PropertyValueSpecification\",\"valueRequired\":true,\"valueName\":\"search_term_string\"}}],\"inLanguage\":\"pt-BR\"},{\"@type\":\"Organization\",\"@id\":\"https:\/\/teampartner.com.br\/online\/#organization\",\"name\":\"Team Partner Online\",\"url\":\"https:\/\/teampartner.com.br\/online\/\",\"logo\":{\"@type\":\"ImageObject\",\"inLanguage\":\"pt-BR\",\"@id\":\"https:\/\/teampartner.com.br\/online\/#\/schema\/logo\/image\/\",\"url\":\"https:\/\/teampartner.com.br\/online\/wp-content\/uploads\/2024\/01\/logo.png\",\"contentUrl\":\"https:\/\/teampartner.com.br\/online\/wp-content\/uploads\/2024\/01\/logo.png\",\"width\":1197,\"height\":194,\"caption\":\"Team Partner Online\"},\"image\":{\"@id\":\"https:\/\/teampartner.com.br\/online\/#\/schema\/logo\/image\/\"},\"sameAs\":[\"https:\/\/www.instagram.com\/tp_teampartner\/\"]}]}<\/script>\n<!-- \/ Yoast SEO plugin. -->","yoast_head_json":{"title":"Servi\u00e7os Online - TP Contabil Online","robots":{"index":"index","follow":"follow","max-snippet":"max-snippet:-1","max-image-preview":"max-image-preview:large","max-video-preview":"max-video-preview:-1"},"canonical":"https:\/\/teampartner.com.br\/online\/servicos-online\/","og_locale":"pt_BR","og_type":"article","og_title":"Servi\u00e7os Online - TP Contabil Online","og_description":"Certid\u00f5es Negativas Consultas","og_url":"https:\/\/teampartner.com.br\/online\/servicos-online\/","og_site_name":"TP Contabil Online","article_modified_time":"2024-09-27T14:46:25+00:00","twitter_card":"summary_large_image","twitter_misc":{"Est. tempo de leitura":"1 minuto"},"schema":{"@context":"https:\/\/schema.org","@graph":[{"@type":"WebPage","@id":"https:\/\/teampartner.com.br\/online\/servicos-online\/","url":"https:\/\/teampartner.com.br\/online\/servicos-online\/","name":"Servi\u00e7os Online - TP Contabil Online","isPartOf":{"@id":"https:\/\/teampartner.com.br\/online\/#website"},"datePublished":"2024-09-27T14:46:24+00:00","dateModified":"2024-09-27T14:46:25+00:00","breadcrumb":{"@id":"https:\/\/teampartner.com.br\/online\/servicos-online\/#breadcrumb"},"inLanguage":"pt-BR","potentialAction":[{"@type":"ReadAction","target":["https:\/\/teampartner.com.br\/online\/servicos-online\/"]}]},{"@type":"BreadcrumbList","@id":"https:\/\/teampartner.com.br\/online\/servicos-online\/#breadcrumb","itemListElement":[{"@type":"ListItem","position":1,"name":"In\u00edcio","item":"https:\/\/teampartner.com.br\/online\/"},{"@type":"ListItem","position":2,"name":"Servi\u00e7os Online"}]},{"@type":"WebSite","@id":"https:\/\/teampartner.com.br\/online\/#website","url":"https:\/\/teampartner.com.br\/online\/","name":"Team Partner Online","description":"Contabilidade Online. F\u00e1cil, Seguro e Econ\u00f4mico","publisher":{"@id":"https:\/\/teampartner.com.br\/online\/#organization"},"potentialAction":[{"@type":"SearchAction","target":{"@type":"EntryPoint","urlTemplate":"https:\/\/teampartner.com.br\/online\/?s={search_term_string}"},"query-input":{"@type":"PropertyValueSpecification","valueRequired":true,"valueName":"search_term_string"}}],"inLanguage":"pt-BR"},{"@type":"Organization","@id":"https:\/\/teampartner.com.br\/online\/#organization","name":"Team Partner Online","url":"https:\/\/teampartner.com.br\/online\/","logo":{"@type":"ImageObject","inLanguage":"pt-BR","@id":"https:\/\/teampartner.com.br\/online\/#\/schema\/logo\/image\/","url":"https:\/\/teampartner.com.br\/online\/wp-content\/uploads\/2024\/01\/logo.png","contentUrl":"https:\/\/teampartner.com.br\/online\/wp-content\/uploads\/2024\/01\/logo.png","width":1197,"height":194,"caption":"Team Partner Online"},"image":{"@id":"https:\/\/teampartner.com.br\/online\/#\/schema\/logo\/image\/"},"sameAs":["https:\/\/www.instagram.com\/tp_teampartner\/"]}]}},"uagb_featured_image_src":{"full":false,"thumbnail":false,"medium":false,"medium_large":false,"large":false,"1536x1536":false,"2048x2048":false,"post-thumbnail":false},"uagb_author_info":{"display_name":"admin","author_link":"https:\/\/teampartner.com.br\/online\/author\/admin_4lwhmqb0\/"},"uagb_comment_info":0,"uagb_excerpt":"Certid\u00f5es Negativas Consultas","_links":{"self":[{"href":"https:\/\/teampartner.com.br\/online\/wp-json\/wp\/v2\/pages\/393","targetHints":{"allow":["GET"]}}],"collection":[{"href":"https:\/\/teampartner.com.br\/online\/wp-json\/wp\/v2\/pages"}],"about":[{"href":"https:\/\/teampartner.com.br\/online\/wp-json\/wp\/v2\/types\/page"}],"author":[{"embeddable":true,"href":"https:\/\/teampartner.com.br\/online\/wp-json\/wp\/v2\/users\/1"}],"replies":[{"embeddable":true,"href":"https:\/\/teampartner.com.br\/online\/wp-json\/wp\/v2\/comments?post=393"}],"version-history":[{"count":1,"href":"https:\/\/teampartner.com.br\/online\/wp-json\/wp\/v2\/pages\/393\/revisions"}],"predecessor-version":[{"id":394,"href":"https:\/\/teampartner.com.br\/online\/wp-json\/wp\/v2\/pages\/393\/revisions\/394"}],"wp:attachment":[{"href":"https:\/\/teampartner.com.br\/online\/wp-json\/wp\/v2\/media?parent=393"}],"curies":[{"name":"wp","href":"https:\/\/api.w.org\/{rel}","templated":true}]}}