{"id":55,"date":"2024-01-29T11:48:25","date_gmt":"2024-01-29T14:48:25","guid":{"rendered":"https:\/\/teampartner.com.br\/online\/?page_id=55"},"modified":"2024-04-03T13:23:16","modified_gmt":"2024-04-03T16:23:16","slug":"pagina-inicial","status":"publish","type":"page","link":"https:\/\/teampartner.com.br\/online\/","title":{"rendered":"P\u00e1gina Inicial"},"content":{"rendered":"\n<div class=\"wp-block-media-text alignwide is-stacked-on-mobile is-vertically-aligned-center\" style=\"grid-template-columns:37% auto\"><figure class=\"wp-block-media-text__media\"><img loading=\"lazy\" decoding=\"async\" width=\"1024\" height=\"683\" src=\"https:\/\/teampartner.com.br\/online\/wp-content\/uploads\/2024\/02\/full-shot-family-silhouette-having-fun-sunset-1024x683.jpg\" alt=\"\" class=\"wp-image-348 size-full\" srcset=\"https:\/\/teampartner.com.br\/online\/wp-content\/uploads\/2024\/02\/full-shot-family-silhouette-having-fun-sunset-1024x683.jpg 1024w, https:\/\/teampartner.com.br\/online\/wp-content\/uploads\/2024\/02\/full-shot-family-silhouette-having-fun-sunset-300x200.jpg 300w, https:\/\/teampartner.com.br\/online\/wp-content\/uploads\/2024\/02\/full-shot-family-silhouette-having-fun-sunset-768x512.jpg 768w, https:\/\/teampartner.com.br\/online\/wp-content\/uploads\/2024\/02\/full-shot-family-silhouette-having-fun-sunset-1536x1024.jpg 1536w, https:\/\/teampartner.com.br\/online\/wp-content\/uploads\/2024\/02\/full-shot-family-silhouette-having-fun-sunset-2048x1365.jpg 2048w\" sizes=\"auto, (max-width: 1024px) 100vw, 1024px\" \/><\/figure><div class=\"wp-block-media-text__content\">\n<h2 class=\"wp-block-heading has-text-color has-link-color wp-elements-27df212ae91645b8f47f3b3efc5db0aa\" style=\"color:#243b53\"><strong>Tenha mais tempo para o que te faz feliz!<\/strong><\/h2>\n\n\n\n<h4 class=\"wp-block-heading has-text-color has-link-color wp-elements-14ce516acdbd6f42ded3a1af1b5094e9\" style=\"color:#243b53;font-style:normal;font-weight:400\">Contabilidade digital completa e totalmente pensada na sua empresa, n\u00f3s cuidamos de todo o processo de abertura e te orientamos quanto \u00e0 documenta\u00e7\u00e3o.<\/h4>\n\n\n\n<div class=\"wp-block-buttons is-layout-flex wp-block-buttons-is-layout-flex\">\n<div class=\"wp-block-button is-style-fill\"><a class=\"wp-block-button__link has-white-color has-text-color has-background has-link-color wp-element-button\" href=\"https:\/\/teampartner.com.br\/online\/orcamento\/\" style=\"border-radius:5px;background-color:#1082dc\">Fa\u00e7a um&nbsp;<strong>Or\u00e7amento<\/strong>&nbsp;sem compromisso<\/a><\/div>\n<\/div>\n<\/div><\/div>\n\n\n\n<p class=\"has-text-align-center\">Trabalhamos fornecendo todas as informa\u00e7\u00f5es e suporte t\u00e9cnico aos departamentos j\u00e1 existentes na empresa, com visitas peri\u00f3dicas para verifica\u00e7\u00f5es e acompanhamento, elaborando relat\u00f3rios para a comunica\u00e7\u00e3o das diverg\u00eancias ou sugest\u00f5es, al\u00e9m de fornecer respostas a consultas por telefone e pessoalmente.<\/p>\n\n\n\n<div style=\"height:100px\" aria-hidden=\"true\" class=\"wp-block-spacer\"><\/div>\n\n\n\n<h2 class=\"wp-block-heading has-text-align-center mb-0\">Venha para a <mark style=\"background-color:rgba(0, 0, 0, 0);color:#1082dc\" class=\"has-inline-color\">TP Contabilidade<\/mark><\/h2>\n\n\n\n<h4 class=\"wp-block-heading has-text-align-center mt-0\" style=\"font-style:normal;font-weight:400\">Conhe\u00e7a alguns de nossos n\u00fameros.<\/h4>\n\n\n\n<div class=\"wp-block-uagb-container uagb-block-faac40bd alignfull uagb-is-root-container\"><div class=\"uagb-container-inner-blocks-wrap\">\n<div class=\"wp-block-uagb-container uagb-block-9218680e\">\n<div class=\"wp-block-uagb-counter uagb-block-fb06a1fb wp-block-uagb-counter--circle\"><div class=\"wp-block-uagb-counter-circle-container\"><div class=\"wp-block-uagb-counter-circle-container__content\"><div class=\"wp-block-uagb-counter__number\"><span class=\"uagb-counter-block-number\" data-duration=\"1.5\" data-to-value=\"15\" data-from-value=\"0\" data-delimiter=\",\"><\/span><\/div><div class=\"wp-block-uagb-counter__title\"><\/div><\/div><svg preserveAspectRatio=\"xMinYMin meet\" viewBox=\"0 0 120 120\" version=\"1.1\" xmlns=\"http:\/\/www.w3.org\/2000\/svg\"><circle class=\"uagb-counter-circle__background\"><\/circle><circle class=\"uagb-counter-circle__progress\"><\/circle><\/svg><\/div><\/div>\n\n\n\n<p class=\"has-text-align-center\">Anos de experi\u00eancia, contamos com profissionais capacitados e atualizados para te ajudar.<\/p>\n<\/div>\n\n\n\n<div class=\"wp-block-uagb-container uagb-block-d5b56073\">\n<div class=\"wp-block-uagb-counter uagb-block-c69a9dff wp-block-uagb-counter--circle\"><div class=\"wp-block-uagb-counter-circle-container\"><div class=\"wp-block-uagb-counter-circle-container__content\"><div class=\"wp-block-uagb-counter__number\"><span class=\"uagb-counter-block-number\" data-duration=\"1.5\" data-to-value=\"99\" data-from-value=\"0\" data-delimiter=\",\"><\/span><span class=\"uagb-counter-block-suffix\">%<\/span><\/div><div class=\"wp-block-uagb-counter__title\"><\/div><\/div><svg preserveAspectRatio=\"xMinYMin meet\" viewBox=\"0 0 120 120\" version=\"1.1\" xmlns=\"http:\/\/www.w3.org\/2000\/svg\"><circle class=\"uagb-counter-circle__background\"><\/circle><circle class=\"uagb-counter-circle__progress\"><\/circle><\/svg><\/div><\/div>\n\n\n\n<p class=\"has-text-align-center\">\u00cdndice de perman\u00eancia. Praticamente todos os nossos clientes permanecem por mais de 12 meses. Prezamos pela satisfa\u00e7\u00e3o de nossos clientes.<\/p>\n<\/div>\n\n\n\n<div class=\"wp-block-uagb-container uagb-block-7c6b4898\">\n<div class=\"wp-block-uagb-counter uagb-block-0430903f wp-block-uagb-counter--circle\"><div class=\"wp-block-uagb-counter-circle-container\"><div class=\"wp-block-uagb-counter-circle-container__content\"><div class=\"wp-block-uagb-counter__number\"><span class=\"uagb-counter-block-number\" data-duration=\"1.5\" data-to-value=\"5\" data-from-value=\"0\" data-delimiter=\",\"><\/span><\/div><div class=\"wp-block-uagb-counter__title\"><\/div><\/div><svg preserveAspectRatio=\"xMinYMin meet\" viewBox=\"0 0 120 120\" version=\"1.1\" xmlns=\"http:\/\/www.w3.org\/2000\/svg\"><circle class=\"uagb-counter-circle__background\"><\/circle><circle class=\"uagb-counter-circle__progress\"><\/circle><\/svg><\/div><\/div>\n\n\n\n<p class=\"has-text-align-center\">Dias para abertura de empresa. Abrimos o seu CNPJ sem voc\u00ea sair de casa, basta nos enviar os seus documentos que cuidamos de todo processo.<\/p>\n<\/div>\n\n\n\n<div class=\"wp-block-uagb-container uagb-block-2ce211b4\">      \n\t\t\t<div class=\"uagb-icon-wrapper uagb-block-6adf044f  \"\t>\n\t\t\t\t\t\t\t\t\t<span class=\"uagb-svg-wrapper\" \n\t\t\t\t\t aria-label=\"arrows-rotate\"\t\t\t\t\ttabindex=\"0\">\t\t\n\t\t\t\t\t\t\t\t\t\t<svg xmlns=\"https:\/\/www.w3.org\/2000\/svg\" viewBox= \"0 0 512 512\" role=\"graphics-symbol\" aria-hidden=\"false\" aria-label=\"\"><path d=\"M464 16c-17.67 0-32 14.31-32 32v74.09C392.1 66.52 327.4 32 256 32C161.5 32 78.59 92.34 49.58 182.2c-5.438 16.81 3.797 34.88 20.61 40.28c16.89 5.5 34.88-3.812 40.3-20.59C130.9 138.5 189.4 96 256 96c50.5 0 96.26 24.55 124.4 64H336c-17.67 0-32 14.31-32 32s14.33 32 32 32h128c17.67 0 32-14.31 32-32V48C496 30.31 481.7 16 464 16zM441.8 289.6c-16.92-5.438-34.88 3.812-40.3 20.59C381.1 373.5 322.6 416 256 416c-50.5 0-96.25-24.55-124.4-64H176c17.67 0 32-14.31 32-32s-14.33-32-32-32h-128c-17.67 0-32 14.31-32 32v144c0 17.69 14.33 32 32 32s32-14.31 32-32v-74.09C119.9 445.5 184.6 480 255.1 480c94.45 0 177.4-60.34 206.4-150.2C467.9 313 458.6 294.1 441.8 289.6z\"><\/path><\/svg>\n\t\t\t\t\t\t\t\t\t<\/span>\n\t\t\t\t\t\t\t<\/div>\n\t\t\t\n\n\n<p class=\"has-text-align-center\">Se precisar trocar de contador, n\u00f3s cuidaremos de toda a transfer\u00eancia para voc\u00ea.<\/p>\n<\/div>\n<\/div><\/div>\n","protected":false},"excerpt":{"rendered":"<p>Trabalhamos fornecendo todas as informa\u00e7\u00f5es e suporte t\u00e9cnico aos departamentos j\u00e1 existentes na empresa, com visitas peri\u00f3dicas para verifica\u00e7\u00f5es e acompanhamento, elaborando relat\u00f3rios para a comunica\u00e7\u00e3o das diverg\u00eancias ou sugest\u00f5es, al\u00e9m de fornecer respostas a consultas por telefone e pessoalmente. Venha para a TP Contabilidade Conhe\u00e7a alguns de nossos n\u00fameros. Anos de experi\u00eancia, contamos com [&hellip;]<\/p>\n","protected":false},"author":1,"featured_media":0,"parent":0,"menu_order":0,"comment_status":"closed","ping_status":"closed","template":"","meta":{"_eb_attr":"","_uag_custom_page_level_css":"","ub_ctt_via":"","footnotes":""},"class_list":["post-55","page","type-page","status-publish","hentry"],"featured_image_src":null,"yoast_head":"<!-- This site is optimized with the Yoast SEO plugin v23.5 - https:\/\/yoast.com\/wordpress\/plugins\/seo\/ -->\n<title>TP Contabil Online<\/title>\n<meta name=\"description\" content=\"Sua Contabilidade Online. F\u00e1cil, Pr\u00e1tico, Seguro e Econ\u00f4mico. Planos a partir de R$ 129 ao m\u00eas.\" \/>\n<meta name=\"robots\" content=\"index, follow, max-snippet:-1, max-image-preview:large, max-video-preview:-1\" \/>\n<link rel=\"canonical\" href=\"https:\/\/teampartner.com.br\/online\/\" \/>\n<meta property=\"og:locale\" content=\"pt_BR\" \/>\n<meta property=\"og:type\" content=\"article\" \/>\n<meta property=\"og:title\" content=\"TP Contabilidade Online\" \/>\n<meta property=\"og:description\" content=\"Sua Contabilidade Online. F\u00e1cil, Pr\u00e1tico, Seguro e Econ\u00f4mico. Planos a partir de R$ 129 ao m\u00eas.\" \/>\n<meta property=\"og:url\" content=\"https:\/\/teampartner.com.br\/online\/\" \/>\n<meta property=\"og:site_name\" content=\"TP Contabil Online\" \/>\n<meta property=\"article:modified_time\" content=\"2024-04-03T16:23:16+00:00\" \/>\n<meta property=\"og:image\" content=\"https:\/\/teampartner.com.br\/online\/wp-content\/uploads\/2024\/01\/p1.jpg\" \/>\n\t<meta property=\"og:image:width\" content=\"1000\" \/>\n\t<meta property=\"og:image:height\" content=\"667\" \/>\n\t<meta property=\"og:image:type\" content=\"image\/jpeg\" \/>\n<meta name=\"twitter:card\" content=\"summary_large_image\" \/>\n<meta name=\"twitter:label1\" content=\"Est. tempo de leitura\" \/>\n\t<meta name=\"twitter:data1\" content=\"2 minutos\" \/>\n<script type=\"application\/ld+json\" class=\"yoast-schema-graph\">{\"@context\":\"https:\/\/schema.org\",\"@graph\":[{\"@type\":\"WebPage\",\"@id\":\"https:\/\/teampartner.com.br\/online\/\",\"url\":\"https:\/\/teampartner.com.br\/online\/\",\"name\":\"TP Contabil Online\",\"isPartOf\":{\"@id\":\"https:\/\/teampartner.com.br\/online\/#website\"},\"primaryImageOfPage\":{\"@id\":\"https:\/\/teampartner.com.br\/online\/#primaryimage\"},\"image\":{\"@id\":\"https:\/\/teampartner.com.br\/online\/#primaryimage\"},\"thumbnailUrl\":\"https:\/\/teampartner.com.br\/online\/wp-content\/uploads\/2024\/02\/full-shot-family-silhouette-having-fun-sunset-1024x683.jpg\",\"datePublished\":\"2024-01-29T14:48:25+00:00\",\"dateModified\":\"2024-04-03T16:23:16+00:00\",\"description\":\"Sua Contabilidade Online. F\u00e1cil, Pr\u00e1tico, Seguro e Econ\u00f4mico. Planos a partir de R$ 129 ao m\u00eas.\",\"breadcrumb\":{\"@id\":\"https:\/\/teampartner.com.br\/online\/#breadcrumb\"},\"inLanguage\":\"pt-BR\",\"potentialAction\":[{\"@type\":\"ReadAction\",\"target\":[\"https:\/\/teampartner.com.br\/online\/\"]}]},{\"@type\":\"ImageObject\",\"inLanguage\":\"pt-BR\",\"@id\":\"https:\/\/teampartner.com.br\/online\/#primaryimage\",\"url\":\"https:\/\/teampartner.com.br\/online\/wp-content\/uploads\/2024\/02\/full-shot-family-silhouette-having-fun-sunset-scaled.jpg\",\"contentUrl\":\"https:\/\/teampartner.com.br\/online\/wp-content\/uploads\/2024\/02\/full-shot-family-silhouette-having-fun-sunset-scaled.jpg\",\"width\":2560,\"height\":1707},{\"@type\":\"BreadcrumbList\",\"@id\":\"https:\/\/teampartner.com.br\/online\/#breadcrumb\",\"itemListElement\":[{\"@type\":\"ListItem\",\"position\":1,\"name\":\"In\u00edcio\",\"item\":\"https:\/\/teampartner.com.br\/online\/\"},{\"@type\":\"ListItem\",\"position\":2,\"name\":\"P\u00e1gina Inicial\"}]},{\"@type\":\"WebSite\",\"@id\":\"https:\/\/teampartner.com.br\/online\/#website\",\"url\":\"https:\/\/teampartner.com.br\/online\/\",\"name\":\"Team Partner Online\",\"description\":\"Contabilidade Online. F\u00e1cil, Seguro e Econ\u00f4mico\",\"publisher\":{\"@id\":\"https:\/\/teampartner.com.br\/online\/#organization\"},\"potentialAction\":[{\"@type\":\"SearchAction\",\"target\":{\"@type\":\"EntryPoint\",\"urlTemplate\":\"https:\/\/teampartner.com.br\/online\/?s={search_term_string}\"},\"query-input\":{\"@type\":\"PropertyValueSpecification\",\"valueRequired\":true,\"valueName\":\"search_term_string\"}}],\"inLanguage\":\"pt-BR\"},{\"@type\":\"Organization\",\"@id\":\"https:\/\/teampartner.com.br\/online\/#organization\",\"name\":\"Team Partner Online\",\"url\":\"https:\/\/teampartner.com.br\/online\/\",\"logo\":{\"@type\":\"ImageObject\",\"inLanguage\":\"pt-BR\",\"@id\":\"https:\/\/teampartner.com.br\/online\/#\/schema\/logo\/image\/\",\"url\":\"https:\/\/teampartner.com.br\/online\/wp-content\/uploads\/2024\/01\/logo.png\",\"contentUrl\":\"https:\/\/teampartner.com.br\/online\/wp-content\/uploads\/2024\/01\/logo.png\",\"width\":1197,\"height\":194,\"caption\":\"Team Partner Online\"},\"image\":{\"@id\":\"https:\/\/teampartner.com.br\/online\/#\/schema\/logo\/image\/\"},\"sameAs\":[\"https:\/\/www.instagram.com\/tp_teampartner\/\"]}]}<\/script>\n<!-- \/ Yoast SEO plugin. -->","yoast_head_json":{"title":"TP Contabil Online","description":"Sua Contabilidade Online. F\u00e1cil, Pr\u00e1tico, Seguro e Econ\u00f4mico. Planos a partir de R$ 129 ao m\u00eas.","robots":{"index":"index","follow":"follow","max-snippet":"max-snippet:-1","max-image-preview":"max-image-preview:large","max-video-preview":"max-video-preview:-1"},"canonical":"https:\/\/teampartner.com.br\/online\/","og_locale":"pt_BR","og_type":"article","og_title":"TP Contabilidade Online","og_description":"Sua Contabilidade Online. F\u00e1cil, Pr\u00e1tico, Seguro e Econ\u00f4mico. Planos a partir de R$ 129 ao m\u00eas.","og_url":"https:\/\/teampartner.com.br\/online\/","og_site_name":"TP Contabil Online","article_modified_time":"2024-04-03T16:23:16+00:00","og_image":[{"width":1000,"height":667,"url":"https:\/\/teampartner.com.br\/online\/wp-content\/uploads\/2024\/01\/p1.jpg","type":"image\/jpeg"}],"twitter_card":"summary_large_image","twitter_misc":{"Est. tempo de leitura":"2 minutos"},"schema":{"@context":"https:\/\/schema.org","@graph":[{"@type":"WebPage","@id":"https:\/\/teampartner.com.br\/online\/","url":"https:\/\/teampartner.com.br\/online\/","name":"TP Contabil Online","isPartOf":{"@id":"https:\/\/teampartner.com.br\/online\/#website"},"primaryImageOfPage":{"@id":"https:\/\/teampartner.com.br\/online\/#primaryimage"},"image":{"@id":"https:\/\/teampartner.com.br\/online\/#primaryimage"},"thumbnailUrl":"https:\/\/teampartner.com.br\/online\/wp-content\/uploads\/2024\/02\/full-shot-family-silhouette-having-fun-sunset-1024x683.jpg","datePublished":"2024-01-29T14:48:25+00:00","dateModified":"2024-04-03T16:23:16+00:00","description":"Sua Contabilidade Online. F\u00e1cil, Pr\u00e1tico, Seguro e Econ\u00f4mico. Planos a partir de R$ 129 ao m\u00eas.","breadcrumb":{"@id":"https:\/\/teampartner.com.br\/online\/#breadcrumb"},"inLanguage":"pt-BR","potentialAction":[{"@type":"ReadAction","target":["https:\/\/teampartner.com.br\/online\/"]}]},{"@type":"ImageObject","inLanguage":"pt-BR","@id":"https:\/\/teampartner.com.br\/online\/#primaryimage","url":"https:\/\/teampartner.com.br\/online\/wp-content\/uploads\/2024\/02\/full-shot-family-silhouette-having-fun-sunset-scaled.jpg","contentUrl":"https:\/\/teampartner.com.br\/online\/wp-content\/uploads\/2024\/02\/full-shot-family-silhouette-having-fun-sunset-scaled.jpg","width":2560,"height":1707},{"@type":"BreadcrumbList","@id":"https:\/\/teampartner.com.br\/online\/#breadcrumb","itemListElement":[{"@type":"ListItem","position":1,"name":"In\u00edcio","item":"https:\/\/teampartner.com.br\/online\/"},{"@type":"ListItem","position":2,"name":"P\u00e1gina Inicial"}]},{"@type":"WebSite","@id":"https:\/\/teampartner.com.br\/online\/#website","url":"https:\/\/teampartner.com.br\/online\/","name":"Team Partner Online","description":"Contabilidade Online. F\u00e1cil, Seguro e Econ\u00f4mico","publisher":{"@id":"https:\/\/teampartner.com.br\/online\/#organization"},"potentialAction":[{"@type":"SearchAction","target":{"@type":"EntryPoint","urlTemplate":"https:\/\/teampartner.com.br\/online\/?s={search_term_string}"},"query-input":{"@type":"PropertyValueSpecification","valueRequired":true,"valueName":"search_term_string"}}],"inLanguage":"pt-BR"},{"@type":"Organization","@id":"https:\/\/teampartner.com.br\/online\/#organization","name":"Team Partner Online","url":"https:\/\/teampartner.com.br\/online\/","logo":{"@type":"ImageObject","inLanguage":"pt-BR","@id":"https:\/\/teampartner.com.br\/online\/#\/schema\/logo\/image\/","url":"https:\/\/teampartner.com.br\/online\/wp-content\/uploads\/2024\/01\/logo.png","contentUrl":"https:\/\/teampartner.com.br\/online\/wp-content\/uploads\/2024\/01\/logo.png","width":1197,"height":194,"caption":"Team Partner Online"},"image":{"@id":"https:\/\/teampartner.com.br\/online\/#\/schema\/logo\/image\/"},"sameAs":["https:\/\/www.instagram.com\/tp_teampartner\/"]}]}},"uagb_featured_image_src":{"full":false,"thumbnail":false,"medium":false,"medium_large":false,"large":false,"1536x1536":false,"2048x2048":false,"post-thumbnail":false},"uagb_author_info":{"display_name":"admin","author_link":"https:\/\/teampartner.com.br\/online\/author\/admin_4lwhmqb0\/"},"uagb_comment_info":0,"uagb_excerpt":"Trabalhamos fornecendo todas as informa\u00e7\u00f5es e suporte t\u00e9cnico aos departamentos j\u00e1 existentes na empresa, com visitas peri\u00f3dicas para verifica\u00e7\u00f5es e acompanhamento, elaborando relat\u00f3rios para a comunica\u00e7\u00e3o das diverg\u00eancias ou sugest\u00f5es, al\u00e9m de fornecer respostas a consultas por telefone e pessoalmente. Venha para a TP Contabilidade Conhe\u00e7a alguns de nossos n\u00fameros. Anos de experi\u00eancia, contamos com&hellip;","_links":{"self":[{"href":"https:\/\/teampartner.com.br\/online\/wp-json\/wp\/v2\/pages\/55","targetHints":{"allow":["GET"]}}],"collection":[{"href":"https:\/\/teampartner.com.br\/online\/wp-json\/wp\/v2\/pages"}],"about":[{"href":"https:\/\/teampartner.com.br\/online\/wp-json\/wp\/v2\/types\/page"}],"author":[{"embeddable":true,"href":"https:\/\/teampartner.com.br\/online\/wp-json\/wp\/v2\/users\/1"}],"replies":[{"embeddable":true,"href":"https:\/\/teampartner.com.br\/online\/wp-json\/wp\/v2\/comments?post=55"}],"version-history":[{"count":26,"href":"https:\/\/teampartner.com.br\/online\/wp-json\/wp\/v2\/pages\/55\/revisions"}],"predecessor-version":[{"id":376,"href":"https:\/\/teampartner.com.br\/online\/wp-json\/wp\/v2\/pages\/55\/revisions\/376"}],"wp:attachment":[{"href":"https:\/\/teampartner.com.br\/online\/wp-json\/wp\/v2\/media?parent=55"}],"curies":[{"name":"wp","href":"https:\/\/api.w.org\/{rel}","templated":true}]}}